{"id":1661,"date":"2024-11-13T11:17:26","date_gmt":"2024-11-13T11:17:26","guid":{"rendered":"https:\/\/mami-lab.org\/services\/"},"modified":"2024-11-22T15:45:04","modified_gmt":"2024-11-22T15:45:04","slug":"proyectos","status":"publish","type":"page","link":"https:\/\/mami-lab.org\/fr\/proyectos\/","title":{"rendered":"Projets"},"content":{"rendered":"<div data-elementor-type=\"wp-page\" data-elementor-id=\"1661\" class=\"elementor elementor-1661\">\n\t\t\t\t<div class=\"elementor-element elementor-element-93263f3 e-flex e-con-boxed e-con e-parent\" data-id=\"93263f3\" data-element_type=\"container\" data-e-type=\"container\" data-settings=\"{&quot;background_background&quot;:&quot;classic&quot;}\">\n\t\t\t\t\t<div class=\"e-con-inner\">\n\t\t<div class=\"elementor-element elementor-element-6c32ff7 e-flex e-con-boxed e-con e-child\" data-id=\"6c32ff7\" data-element_type=\"container\" data-e-type=\"container\">\n\t\t\t\t\t<div class=\"e-con-inner\">\n\t\t\t\t<div class=\"elementor-element elementor-element-888fcee elementor-invisible elementor-widget elementor-widget-heading\" data-id=\"888fcee\" data-element_type=\"widget\" data-e-type=\"widget\" data-settings=\"{&quot;_animation&quot;:&quot;fadeIn&quot;}\" data-widget_type=\"heading.default\">\n\t\t\t\t<div class=\"elementor-widget-container\">\n\t\t\t\t\t<h1 class=\"elementor-heading-title elementor-size-default\">Nos projets<\/h1>\t\t\t\t<\/div>\n\t\t\t\t<\/div>\n\t\t\t\t\t<\/div>\n\t\t\t\t<\/div>\n\t\t\t\t\t<\/div>\n\t\t\t\t<\/div>\n\t\t<div class=\"elementor-element elementor-element-0e7myve e-flex e-con-boxed elementor-invisible e-con e-parent\" data-id=\"0e7myve\" data-element_type=\"container\" data-e-type=\"container\" data-settings=\"{&quot;animation&quot;:&quot;fadeIn&quot;}\">\n\t\t\t\t\t<div class=\"e-con-inner\">\n\t\t<div class=\"elementor-element elementor-element-f6f7e27 e-flex e-con-boxed e-con e-child\" data-id=\"f6f7e27\" data-element_type=\"container\" data-e-type=\"container\">\n\t\t\t\t\t<div class=\"e-con-inner\">\n\t\t<div class=\"elementor-element elementor-element-a306a4a e-con-full e-flex e-con e-child\" data-id=\"a306a4a\" data-element_type=\"container\" data-e-type=\"container\">\n\t\t<div class=\"elementor-element elementor-element-5822dc4 e-flex e-con-boxed e-con e-child\" data-id=\"5822dc4\" data-element_type=\"container\" data-e-type=\"container\">\n\t\t\t\t\t<div class=\"e-con-inner\">\n\t\t\t\t<div class=\"elementor-element elementor-element-85cc8cf elementor-invisible elementor-widget elementor-widget-image\" data-id=\"85cc8cf\" data-element_type=\"widget\" data-e-type=\"widget\" data-settings=\"{&quot;_animation&quot;:&quot;fadeIn&quot;}\" data-widget_type=\"image.default\">\n\t\t\t\t<div class=\"elementor-widget-container\">\n\t\t\t\t\t\t\t\t\t\t\t\t\t\t\t<img fetchpriority=\"high\" decoding=\"async\" width=\"600\" height=\"700\" src=\"https:\/\/mami-lab.org\/wp-content\/uploads\/2024\/11\/PHOTO-2024-02-24-19-46-52-1-qxei5c72banjbh8pkvf0rt2ppkg5z002jcz0a4xavs.jpg\" class=\"attachment-full size-full wp-image-2107\" alt=\"\" srcset=\"https:\/\/mami-lab.org\/wp-content\/uploads\/2024\/11\/PHOTO-2024-02-24-19-46-52-1-qxei5c72banjbh8pkvf0rt2ppkg5z002jcz0a4xavs.jpg 600w, https:\/\/mami-lab.org\/wp-content\/uploads\/2024\/11\/PHOTO-2024-02-24-19-46-52-1-qxei5c72banjbh8pkvf0rt2ppkg5z002jcz0a4xavs-257x300.jpg 257w\" sizes=\"(max-width: 600px) 100vw, 600px\" \/>\t\t\t\t\t\t\t\t\t\t\t\t\t\t\t<\/div>\n\t\t\t\t<\/div>\n\t\t\t\t<div class=\"elementor-element elementor-element-66d0917 elementor-widget elementor-widget-image-box\" data-id=\"66d0917\" data-element_type=\"widget\" data-e-type=\"widget\" data-widget_type=\"image-box.default\">\n\t\t\t\t<div class=\"elementor-widget-container\">\n\t\t\t\t\t<div class=\"elementor-image-box-wrapper\"><div class=\"elementor-image-box-content\"><h3 class=\"elementor-image-box-title\">Caf\u00e9 entre Ma.mis<\/h3><p class=\"elementor-image-box-description\">R\u00e9union mensuelle pour les m\u00e8res migrantes, avec un espace de soutien, des projets communautaires et des activit\u00e9s pour les enfants dans leur langue maternelle.<\/p><\/div><\/div>\t\t\t\t<\/div>\n\t\t\t\t<\/div>\n\t\t\t\t\t<\/div>\n\t\t\t\t<\/div>\n\t\t<div class=\"elementor-element elementor-element-39b81fb e-flex e-con-boxed e-con e-child\" data-id=\"39b81fb\" data-element_type=\"container\" data-e-type=\"container\">\n\t\t\t\t\t<div class=\"e-con-inner\">\n\t\t\t\t<div class=\"elementor-element elementor-element-66dde07 elementor-invisible elementor-widget elementor-widget-image\" data-id=\"66dde07\" data-element_type=\"widget\" data-e-type=\"widget\" data-settings=\"{&quot;_animation&quot;:&quot;fadeIn&quot;}\" data-widget_type=\"image.default\">\n\t\t\t\t<div class=\"elementor-widget-container\">\n\t\t\t\t\t\t\t\t\t\t\t\t\t\t\t<img decoding=\"async\" width=\"1200\" height=\"1600\" src=\"https:\/\/mami-lab.org\/wp-content\/uploads\/2024\/11\/WhatsApp-Image-2024-08-07-at-14.50.32.jpeg\" class=\"attachment-full size-full wp-image-1775\" alt=\"\" srcset=\"https:\/\/mami-lab.org\/wp-content\/uploads\/2024\/11\/WhatsApp-Image-2024-08-07-at-14.50.32.jpeg 1200w, https:\/\/mami-lab.org\/wp-content\/uploads\/2024\/11\/WhatsApp-Image-2024-08-07-at-14.50.32-225x300.jpeg 225w, https:\/\/mami-lab.org\/wp-content\/uploads\/2024\/11\/WhatsApp-Image-2024-08-07-at-14.50.32-768x1024.jpeg 768w, https:\/\/mami-lab.org\/wp-content\/uploads\/2024\/11\/WhatsApp-Image-2024-08-07-at-14.50.32-1152x1536.jpeg 1152w\" sizes=\"(max-width: 1200px) 100vw, 1200px\" \/>\t\t\t\t\t\t\t\t\t\t\t\t\t\t\t<\/div>\n\t\t\t\t<\/div>\n\t\t\t\t<div class=\"elementor-element elementor-element-90cb059 elementor-widget elementor-widget-image-box\" data-id=\"90cb059\" data-element_type=\"widget\" data-e-type=\"widget\" data-widget_type=\"image-box.default\">\n\t\t\t\t<div class=\"elementor-widget-container\">\n\t\t\t\t\t<div class=\"elementor-image-box-wrapper\"><div class=\"elementor-image-box-content\"><h3 class=\"elementor-image-box-title\">Langue maternelle<\/h3><p class=\"elementor-image-box-description\">Activit\u00e9s pour les enfants \u00e0 partir de 2 ans pour appr\u00e9cier et renforcer leur culture et leur langue maternelle \u00e0 travers la lecture, l'art et le jeu.<\/p><\/div><\/div>\t\t\t\t<\/div>\n\t\t\t\t<\/div>\n\t\t\t\t\t<\/div>\n\t\t\t\t<\/div>\n\t\t<div class=\"elementor-element elementor-element-db379a5 e-flex e-con-boxed e-con e-child\" data-id=\"db379a5\" data-element_type=\"container\" data-e-type=\"container\">\n\t\t\t\t\t<div class=\"e-con-inner\">\n\t\t\t\t<div class=\"elementor-element elementor-element-ece35b4 elementor-invisible elementor-widget elementor-widget-image\" data-id=\"ece35b4\" data-element_type=\"widget\" data-e-type=\"widget\" data-settings=\"{&quot;_animation&quot;:&quot;fadeIn&quot;}\" data-widget_type=\"image.default\">\n\t\t\t\t<div class=\"elementor-widget-container\">\n\t\t\t\t\t\t\t\t\t\t\t\t\t\t\t<img decoding=\"async\" width=\"1200\" height=\"1600\" src=\"https:\/\/mami-lab.org\/wp-content\/uploads\/2024\/11\/PHOTO-2024-03-02-11-08-42.jpg\" class=\"attachment-full size-full wp-image-1776\" alt=\"\" srcset=\"https:\/\/mami-lab.org\/wp-content\/uploads\/2024\/11\/PHOTO-2024-03-02-11-08-42.jpg 1200w, https:\/\/mami-lab.org\/wp-content\/uploads\/2024\/11\/PHOTO-2024-03-02-11-08-42-225x300.jpg 225w, https:\/\/mami-lab.org\/wp-content\/uploads\/2024\/11\/PHOTO-2024-03-02-11-08-42-768x1024.jpg 768w, https:\/\/mami-lab.org\/wp-content\/uploads\/2024\/11\/PHOTO-2024-03-02-11-08-42-1152x1536.jpg 1152w\" sizes=\"(max-width: 1200px) 100vw, 1200px\" \/>\t\t\t\t\t\t\t\t\t\t\t\t\t\t\t<\/div>\n\t\t\t\t<\/div>\n\t\t\t\t<div class=\"elementor-element elementor-element-a9f0e53 elementor-widget elementor-widget-image-box\" data-id=\"a9f0e53\" data-element_type=\"widget\" data-e-type=\"widget\" data-widget_type=\"image-box.default\">\n\t\t\t\t<div class=\"elementor-widget-container\">\n\t\t\t\t\t<div class=\"elementor-image-box-wrapper\"><div class=\"elementor-image-box-content\"><h3 class=\"elementor-image-box-title\">Caf\u00e9 Repair<\/h3><p class=\"elementor-image-box-description\">Atelier de r\u00e9paration et de cr\u00e9ation de v\u00eatements avec des tissus r\u00e9utilisables, ouvert aux personnes de plus de 14 ans pour apprendre et partager des comp\u00e9tences en couture.<\/p><\/div><\/div>\t\t\t\t<\/div>\n\t\t\t\t<\/div>\n\t\t\t\t\t<\/div>\n\t\t\t\t<\/div>\n\t\t\t\t<\/div>\n\t\t<div class=\"elementor-element elementor-element-e96a5ee e-con-full e-flex e-con e-child\" data-id=\"e96a5ee\" data-element_type=\"container\" data-e-type=\"container\">\n\t\t<div class=\"elementor-element elementor-element-5e8727e e-flex e-con-boxed e-con e-child\" data-id=\"5e8727e\" data-element_type=\"container\" data-e-type=\"container\">\n\t\t\t\t\t<div class=\"e-con-inner\">\n\t\t\t\t<div class=\"elementor-element elementor-element-ae0b5c3 elementor-invisible elementor-widget elementor-widget-image\" data-id=\"ae0b5c3\" data-element_type=\"widget\" data-e-type=\"widget\" data-settings=\"{&quot;_animation&quot;:&quot;fadeIn&quot;}\" data-widget_type=\"image.default\">\n\t\t\t\t<div class=\"elementor-widget-container\">\n\t\t\t\t\t\t\t\t\t\t\t\t\t\t\t<img loading=\"lazy\" decoding=\"async\" width=\"1536\" height=\"2048\" src=\"https:\/\/mami-lab.org\/wp-content\/uploads\/2024\/11\/Photo-de-carolina-del-valle\ud83c\udf08-8.jpg\" class=\"attachment-full size-full wp-image-2003\" alt=\"\" srcset=\"https:\/\/mami-lab.org\/wp-content\/uploads\/2024\/11\/Photo-de-carolina-del-valle\ud83c\udf08-8.jpg 1536w, https:\/\/mami-lab.org\/wp-content\/uploads\/2024\/11\/Photo-de-carolina-del-valle\ud83c\udf08-8-225x300.jpg 225w, https:\/\/mami-lab.org\/wp-content\/uploads\/2024\/11\/Photo-de-carolina-del-valle\ud83c\udf08-8-768x1024.jpg 768w, https:\/\/mami-lab.org\/wp-content\/uploads\/2024\/11\/Photo-de-carolina-del-valle\ud83c\udf08-8-1152x1536.jpg 1152w, https:\/\/mami-lab.org\/wp-content\/uploads\/2024\/11\/elementor\/thumbs\/Photo-de-carolina-del-valle\ud83c\udf08-8-qxeic4l3o7ynmoq09vqhb78kjlfsu6xgqg3331dwzk.jpg 600w\" sizes=\"(max-width: 1536px) 100vw, 1536px\" \/>\t\t\t\t\t\t\t\t\t\t\t\t\t\t\t<\/div>\n\t\t\t\t<\/div>\n\t\t\t\t<div class=\"elementor-element elementor-element-99ae7ed elementor-widget elementor-widget-image-box\" data-id=\"99ae7ed\" data-element_type=\"widget\" data-e-type=\"widget\" data-widget_type=\"image-box.default\">\n\t\t\t\t<div class=\"elementor-widget-container\">\n\t\t\t\t\t<div class=\"elementor-image-box-wrapper\"><div class=\"elementor-image-box-content\"><h3 class=\"elementor-image-box-title\">Projet documentaire<\/h3><p class=\"elementor-image-box-description\">Bas\u00e9 sur le groupe de rencontre mensuel cr\u00e9\u00e9 par Ma.Mi Lab en collaboration avec Women Now, le documentaire vise \u00e0 rendre visibles les probl\u00e8mes et les ressources de r\u00e9silience des m\u00e8res latines en Belgique.<\/p><\/div><\/div>\t\t\t\t<\/div>\n\t\t\t\t<\/div>\n\t\t\t\t\t<\/div>\n\t\t\t\t<\/div>\n\t\t<div class=\"elementor-element elementor-element-27e9702 e-flex e-con-boxed e-con e-child\" data-id=\"27e9702\" data-element_type=\"container\" data-e-type=\"container\">\n\t\t\t\t\t<div class=\"e-con-inner\">\n\t\t\t\t<div class=\"elementor-element elementor-element-6eaafda elementor-invisible elementor-widget elementor-widget-image\" data-id=\"6eaafda\" data-element_type=\"widget\" data-e-type=\"widget\" data-settings=\"{&quot;_animation&quot;:&quot;fadeIn&quot;}\" data-widget_type=\"image.default\">\n\t\t\t\t<div class=\"elementor-widget-container\">\n\t\t\t\t\t\t\t\t\t\t\t\t\t\t\t<img loading=\"lazy\" decoding=\"async\" width=\"1754\" height=\"2481\" src=\"https:\/\/mami-lab.org\/wp-content\/uploads\/2024\/11\/afiche-teatro-Mamiteatro-CORREGIDA_Plan-de-travail-1.png\" class=\"attachment-full size-full wp-image-2004\" alt=\"\" srcset=\"https:\/\/mami-lab.org\/wp-content\/uploads\/2024\/11\/afiche-teatro-Mamiteatro-CORREGIDA_Plan-de-travail-1.png 1754w, https:\/\/mami-lab.org\/wp-content\/uploads\/2024\/11\/afiche-teatro-Mamiteatro-CORREGIDA_Plan-de-travail-1-212x300.png 212w, https:\/\/mami-lab.org\/wp-content\/uploads\/2024\/11\/afiche-teatro-Mamiteatro-CORREGIDA_Plan-de-travail-1-724x1024.png 724w, https:\/\/mami-lab.org\/wp-content\/uploads\/2024\/11\/afiche-teatro-Mamiteatro-CORREGIDA_Plan-de-travail-1-768x1086.png 768w, https:\/\/mami-lab.org\/wp-content\/uploads\/2024\/11\/afiche-teatro-Mamiteatro-CORREGIDA_Plan-de-travail-1-1086x1536.png 1086w, https:\/\/mami-lab.org\/wp-content\/uploads\/2024\/11\/afiche-teatro-Mamiteatro-CORREGIDA_Plan-de-travail-1-1448x2048.png 1448w\" sizes=\"(max-width: 1754px) 100vw, 1754px\" \/>\t\t\t\t\t\t\t\t\t\t\t\t\t\t\t<\/div>\n\t\t\t\t<\/div>\n\t\t\t\t<div class=\"elementor-element elementor-element-cf24dd0 elementor-widget elementor-widget-image-box\" data-id=\"cf24dd0\" data-element_type=\"widget\" data-e-type=\"widget\" data-widget_type=\"image-box.default\">\n\t\t\t\t<div class=\"elementor-widget-container\">\n\t\t\t\t\t<div class=\"elementor-image-box-wrapper\"><div class=\"elementor-image-box-content\"><h3 class=\"elementor-image-box-title\">Ma.mi Th\u00e9\u00e2tre<\/h3><p class=\"elementor-image-box-description\">Atelier sur l'autonomisation des femmes \u00e0 travers l'expression sc\u00e9nique, en travaillant sur le corps, la voix et les \u00e9motions. Nous cr\u00e9erons une pi\u00e8ce en espagnol, en fusionnant les langues locales, et nous d\u00e9velopperons nos propres textes sur les femmes et la migration. Destin\u00e9 \u00e0 toutes les femmes int\u00e9ress\u00e9es, avec ou sans enfants.<\/p><\/div><\/div>\t\t\t\t<\/div>\n\t\t\t\t<\/div>\n\t\t\t\t\t<\/div>\n\t\t\t\t<\/div>\n\t\t<div class=\"elementor-element elementor-element-4676e5c e-flex e-con-boxed e-con e-child\" data-id=\"4676e5c\" data-element_type=\"container\" data-e-type=\"container\">\n\t\t\t\t\t<div class=\"e-con-inner\">\n\t\t\t\t\t<\/div>\n\t\t\t\t<\/div>\n\t\t\t\t<\/div>\n\t\t\t\t\t<\/div>\n\t\t\t\t<\/div>\n\t\t\t\t\t<\/div>\n\t\t\t\t<\/div>\n\t\t\t\t<\/div>","protected":false},"excerpt":{"rendered":"<p>Nuestros Proyectos Caf\u00e9 entre Ma.mis Encuentro mensual para madres migrantes, con espacio de apoyo, proyectos en comunidad y actividades para ni\u00f1os en su lengua materna. Lengua Madre Actividades para que [&hellip;]<\/p>\n","protected":false},"author":1,"featured_media":0,"parent":0,"menu_order":0,"comment_status":"closed","ping_status":"closed","template":"","meta":{"site-sidebar-layout":"no-sidebar","site-content-layout":"page-builder","ast-site-content-layout":"full-width-container","site-content-style":"boxed","site-sidebar-style":"unboxed","ast-global-header-display":"","ast-banner-title-visibility":"","ast-main-header-display":"","ast-hfb-above-header-display":"","ast-hfb-below-header-display":"","ast-hfb-mobile-header-display":"","site-post-title":"disabled","ast-breadcrumbs-content":"","ast-featured-img":"disabled","footer-sml-layout":"","ast-disable-related-posts":"","theme-transparent-header-meta":"disabled","adv-header-id-meta":"","stick-header-meta":"","header-above-stick-meta":"","header-main-stick-meta":"","header-below-stick-meta":"","astra-migrate-meta-layouts":"set","ast-page-background-enabled":"default","ast-page-background-meta":{"desktop":{"background-color":"var(--ast-global-color-5)","background-image":"","background-repeat":"repeat","background-position":"center center","background-size":"auto","background-attachment":"scroll","background-type":"","background-media":"","overlay-type":"","overlay-color":"","overlay-opacity":"","overlay-gradient":""},"tablet":{"background-color":"","background-image":"","background-repeat":"repeat","background-position":"center center","background-size":"auto","background-attachment":"scroll","background-type":"","background-media":"","overlay-type":"","overlay-color":"","overlay-opacity":"","overlay-gradient":""},"mobile":{"background-color":"","background-image":"","background-repeat":"repeat","background-position":"center center","background-size":"auto","background-attachment":"scroll","background-type":"","background-media":"","overlay-type":"","overlay-color":"","overlay-opacity":"","overlay-gradient":""}},"ast-content-background-meta":{"desktop":{"background-color":"var(--ast-global-color-4)","background-image":"","background-repeat":"repeat","background-position":"center center","background-size":"auto","background-attachment":"scroll","background-type":"","background-media":"","overlay-type":"","overlay-color":"","overlay-opacity":"","overlay-gradient":""},"tablet":{"background-color":"var(--ast-global-color-4)","background-image":"","background-repeat":"repeat","background-position":"center center","background-size":"auto","background-attachment":"scroll","background-type":"","background-media":"","overlay-type":"","overlay-color":"","overlay-opacity":"","overlay-gradient":""},"mobile":{"background-color":"var(--ast-global-color-4)","background-image":"","background-repeat":"repeat","background-position":"center center","background-size":"auto","background-attachment":"scroll","background-type":"","background-media":"","overlay-type":"","overlay-color":"","overlay-opacity":"","overlay-gradient":""}},"footnotes":""},"class_list":["post-1661","page","type-page","status-publish","hentry"],"_links":{"self":[{"href":"https:\/\/mami-lab.org\/fr\/wp-json\/wp\/v2\/pages\/1661","targetHints":{"allow":["GET"]}}],"collection":[{"href":"https:\/\/mami-lab.org\/fr\/wp-json\/wp\/v2\/pages"}],"about":[{"href":"https:\/\/mami-lab.org\/fr\/wp-json\/wp\/v2\/types\/page"}],"author":[{"embeddable":true,"href":"https:\/\/mami-lab.org\/fr\/wp-json\/wp\/v2\/users\/1"}],"replies":[{"embeddable":true,"href":"https:\/\/mami-lab.org\/fr\/wp-json\/wp\/v2\/comments?post=1661"}],"version-history":[{"count":20,"href":"https:\/\/mami-lab.org\/fr\/wp-json\/wp\/v2\/pages\/1661\/revisions"}],"predecessor-version":[{"id":2198,"href":"https:\/\/mami-lab.org\/fr\/wp-json\/wp\/v2\/pages\/1661\/revisions\/2198"}],"wp:attachment":[{"href":"https:\/\/mami-lab.org\/fr\/wp-json\/wp\/v2\/media?parent=1661"}],"curies":[{"name":"wp","href":"https:\/\/api.w.org\/{rel}","templated":true}]}}