{"id":1678,"date":"2024-11-13T11:44:25","date_gmt":"2024-11-13T11:44:25","guid":{"rendered":"https:\/\/mami-lab.org\/?page_id=1678"},"modified":"2025-02-19T09:55:47","modified_gmt":"2025-02-19T09:55:47","slug":"eventos","status":"publish","type":"page","link":"https:\/\/mami-lab.org\/fr\/eventos\/","title":{"rendered":"Ev\u00e9nements"},"content":{"rendered":"<div data-elementor-type=\"wp-page\" data-elementor-id=\"1678\" class=\"elementor elementor-1678\">\n\t\t\t\t<div class=\"elementor-element elementor-element-etmsy08 e-flex e-con-boxed e-con e-parent\" data-id=\"etmsy08\" data-element_type=\"container\" data-e-type=\"container\" data-settings=\"{&quot;background_background&quot;:&quot;classic&quot;}\">\n\t\t\t\t\t<div class=\"e-con-inner\">\n\t\t<div class=\"elementor-element elementor-element-6c32ff7 e-flex e-con-boxed e-con e-child\" data-id=\"6c32ff7\" data-element_type=\"container\" data-e-type=\"container\">\n\t\t\t\t\t<div class=\"e-con-inner\">\n\t\t\t\t<div class=\"elementor-element elementor-element-888fcee elementor-invisible elementor-widget elementor-widget-heading\" data-id=\"888fcee\" data-element_type=\"widget\" data-e-type=\"widget\" data-settings=\"{&quot;_animation&quot;:&quot;fadeIn&quot;}\" data-widget_type=\"heading.default\">\n\t\t\t\t<div class=\"elementor-widget-container\">\n\t\t\t\t\t<h1 class=\"elementor-heading-title elementor-size-default\">Ev\u00e9nements<\/h1>\t\t\t\t<\/div>\n\t\t\t\t<\/div>\n\t\t\t\t\t<\/div>\n\t\t\t\t<\/div>\n\t\t\t\t\t<\/div>\n\t\t\t\t<\/div>\n\t\t\t\t<section class=\"elementor-section elementor-top-section elementor-element elementor-element-a6z2g09 elementor-section-content-middle elementor-section-boxed elementor-section-height-default elementor-section-height-default\" data-id=\"a6z2g09\" data-element_type=\"section\" data-e-type=\"section\" data-settings=\"{&quot;background_background&quot;:&quot;classic&quot;}\">\n\t\t\t\t\t\t\t<div class=\"elementor-background-overlay\"><\/div>\n\t\t\t\t\t\t\t<div class=\"elementor-container elementor-column-gap-wide\">\n\t\t\t\t\t<div class=\"elementor-column elementor-col-25 elementor-top-column elementor-element elementor-element-b262852\" data-id=\"b262852\" data-element_type=\"column\" data-e-type=\"column\">\n\t\t\t<div class=\"elementor-widget-wrap elementor-element-populated\">\n\t\t\t\t\t\t<div class=\"elementor-element elementor-element-34933a9 elementor-widget elementor-widget-image\" data-id=\"34933a9\" data-element_type=\"widget\" data-e-type=\"widget\" data-widget_type=\"image.default\">\n\t\t\t\t<div class=\"elementor-widget-container\">\n\t\t\t\t\t\t\t\t\t\t\t\t\t\t\t<img fetchpriority=\"high\" decoding=\"async\" width=\"724\" height=\"1024\" src=\"https:\/\/mami-lab.org\/wp-content\/uploads\/2025\/02\/480574326_941432694841418_1082402889492083520_n-724x1024.jpg\" class=\"attachment-large size-large wp-image-2669\" alt=\"\" srcset=\"https:\/\/mami-lab.org\/wp-content\/uploads\/2025\/02\/480574326_941432694841418_1082402889492083520_n-724x1024.jpg 724w, https:\/\/mami-lab.org\/wp-content\/uploads\/2025\/02\/480574326_941432694841418_1082402889492083520_n-212x300.jpg 212w, https:\/\/mami-lab.org\/wp-content\/uploads\/2025\/02\/480574326_941432694841418_1082402889492083520_n-768x1086.jpg 768w, https:\/\/mami-lab.org\/wp-content\/uploads\/2025\/02\/480574326_941432694841418_1082402889492083520_n-1086x1536.jpg 1086w, https:\/\/mami-lab.org\/wp-content\/uploads\/2025\/02\/480574326_941432694841418_1082402889492083520_n-8x12.jpg 8w, https:\/\/mami-lab.org\/wp-content\/uploads\/2025\/02\/480574326_941432694841418_1082402889492083520_n.jpg 1414w\" sizes=\"(max-width: 724px) 100vw, 724px\" \/>\t\t\t\t\t\t\t\t\t\t\t\t\t\t\t<\/div>\n\t\t\t\t<\/div>\n\t\t\t\t<div class=\"elementor-element elementor-element-9e0e8fe elementor-widget elementor-widget-button\" data-id=\"9e0e8fe\" data-element_type=\"widget\" data-e-type=\"widget\" data-widget_type=\"button.default\">\n\t\t\t\t<div class=\"elementor-widget-container\">\n\t\t\t\t\t\t\t\t\t<div class=\"elementor-button-wrapper\">\n\t\t\t\t\t<a class=\"elementor-button elementor-button-link elementor-size-sm\" href=\"https:\/\/www.facebook.com\/photo\/?fbid=941432648174756&#038;set=pb.100069240896478.-2207520000\">\n\t\t\t\t\t\t<span class=\"elementor-button-content-wrapper\">\n\t\t\t\t\t\t\t\t\t<span class=\"elementor-button-text\">En savoir plus<\/span>\n\t\t\t\t\t<\/span>\n\t\t\t\t\t<\/a>\n\t\t\t\t<\/div>\n\t\t\t\t\t\t\t\t<\/div>\n\t\t\t\t<\/div>\n\t\t\t\t\t<\/div>\n\t\t<\/div>\n\t\t\t\t<div class=\"elementor-column elementor-col-25 elementor-top-column elementor-element elementor-element-b1a5c0b\" data-id=\"b1a5c0b\" data-element_type=\"column\" data-e-type=\"column\">\n\t\t\t<div class=\"elementor-widget-wrap elementor-element-populated\">\n\t\t\t\t\t\t<div class=\"elementor-element elementor-element-3592d48 elementor-widget elementor-widget-image\" data-id=\"3592d48\" data-element_type=\"widget\" data-e-type=\"widget\" data-widget_type=\"image.default\">\n\t\t\t\t<div class=\"elementor-widget-container\">\n\t\t\t\t\t\t\t\t\t\t\t\t\t\t\t<img decoding=\"async\" width=\"724\" height=\"1024\" src=\"https:\/\/mami-lab.org\/wp-content\/uploads\/2025\/02\/480663680_941431428174878_9003914633487827826_n-724x1024.jpg\" class=\"attachment-large size-large wp-image-2668\" alt=\"\" srcset=\"https:\/\/mami-lab.org\/wp-content\/uploads\/2025\/02\/480663680_941431428174878_9003914633487827826_n-724x1024.jpg 724w, https:\/\/mami-lab.org\/wp-content\/uploads\/2025\/02\/480663680_941431428174878_9003914633487827826_n-212x300.jpg 212w, https:\/\/mami-lab.org\/wp-content\/uploads\/2025\/02\/480663680_941431428174878_9003914633487827826_n-768x1086.jpg 768w, https:\/\/mami-lab.org\/wp-content\/uploads\/2025\/02\/480663680_941431428174878_9003914633487827826_n-1086x1536.jpg 1086w, https:\/\/mami-lab.org\/wp-content\/uploads\/2025\/02\/480663680_941431428174878_9003914633487827826_n-8x12.jpg 8w, https:\/\/mami-lab.org\/wp-content\/uploads\/2025\/02\/480663680_941431428174878_9003914633487827826_n.jpg 1448w\" sizes=\"(max-width: 724px) 100vw, 724px\" \/>\t\t\t\t\t\t\t\t\t\t\t\t\t\t\t<\/div>\n\t\t\t\t<\/div>\n\t\t\t\t<div class=\"elementor-element elementor-element-46a55d9 elementor-widget elementor-widget-button\" data-id=\"46a55d9\" data-element_type=\"widget\" data-e-type=\"widget\" data-widget_type=\"button.default\">\n\t\t\t\t<div class=\"elementor-widget-container\">\n\t\t\t\t\t\t\t\t\t<div class=\"elementor-button-wrapper\">\n\t\t\t\t\t<a class=\"elementor-button elementor-button-link elementor-size-sm\" href=\"https:\/\/www.facebook.com\/photo.php?fbid=941431384841549&#038;set=pb.100069240896478.-2207520000&#038;type=3\">\n\t\t\t\t\t\t<span class=\"elementor-button-content-wrapper\">\n\t\t\t\t\t\t\t\t\t<span class=\"elementor-button-text\">En savoir plus<\/span>\n\t\t\t\t\t<\/span>\n\t\t\t\t\t<\/a>\n\t\t\t\t<\/div>\n\t\t\t\t\t\t\t\t<\/div>\n\t\t\t\t<\/div>\n\t\t\t\t\t<\/div>\n\t\t<\/div>\n\t\t\t\t<div class=\"elementor-column elementor-col-25 elementor-top-column elementor-element elementor-element-51c3c3b\" data-id=\"51c3c3b\" data-element_type=\"column\" data-e-type=\"column\">\n\t\t\t<div class=\"elementor-widget-wrap elementor-element-populated\">\n\t\t\t\t\t\t<div class=\"elementor-element elementor-element-b8ec32e elementor-widget elementor-widget-image\" data-id=\"b8ec32e\" data-element_type=\"widget\" data-e-type=\"widget\" data-widget_type=\"image.default\">\n\t\t\t\t<div class=\"elementor-widget-container\">\n\t\t\t\t\t\t\t\t\t\t\t\t\t\t\t<img decoding=\"async\" width=\"819\" height=\"1024\" src=\"https:\/\/mami-lab.org\/wp-content\/uploads\/2025\/02\/476357314_934204078897613_5448308675255874522_n-819x1024.jpg\" class=\"attachment-large size-large wp-image-2667\" alt=\"\" srcset=\"https:\/\/mami-lab.org\/wp-content\/uploads\/2025\/02\/476357314_934204078897613_5448308675255874522_n-819x1024.jpg 819w, https:\/\/mami-lab.org\/wp-content\/uploads\/2025\/02\/476357314_934204078897613_5448308675255874522_n-240x300.jpg 240w, https:\/\/mami-lab.org\/wp-content\/uploads\/2025\/02\/476357314_934204078897613_5448308675255874522_n-768x960.jpg 768w, https:\/\/mami-lab.org\/wp-content\/uploads\/2025\/02\/476357314_934204078897613_5448308675255874522_n-1229x1536.jpg 1229w, https:\/\/mami-lab.org\/wp-content\/uploads\/2025\/02\/476357314_934204078897613_5448308675255874522_n-10x12.jpg 10w, https:\/\/mami-lab.org\/wp-content\/uploads\/2025\/02\/476357314_934204078897613_5448308675255874522_n.jpg 1440w\" sizes=\"(max-width: 819px) 100vw, 819px\" \/>\t\t\t\t\t\t\t\t\t\t\t\t\t\t\t<\/div>\n\t\t\t\t<\/div>\n\t\t\t\t<div class=\"elementor-element elementor-element-0236ada elementor-widget elementor-widget-button\" data-id=\"0236ada\" data-element_type=\"widget\" data-e-type=\"widget\" data-widget_type=\"button.default\">\n\t\t\t\t<div class=\"elementor-widget-container\">\n\t\t\t\t\t\t\t\t\t<div class=\"elementor-button-wrapper\">\n\t\t\t\t\t<a class=\"elementor-button elementor-button-link elementor-size-sm\" href=\"https:\/\/www.facebook.com\/photo.php?fbid=927798709538150&#038;set=pb.100069240896478.-2207520000&#038;type=3\">\n\t\t\t\t\t\t<span class=\"elementor-button-content-wrapper\">\n\t\t\t\t\t\t\t\t\t<span class=\"elementor-button-text\">En savoir plus<\/span>\n\t\t\t\t\t<\/span>\n\t\t\t\t\t<\/a>\n\t\t\t\t<\/div>\n\t\t\t\t\t\t\t\t<\/div>\n\t\t\t\t<\/div>\n\t\t\t\t\t<\/div>\n\t\t<\/div>\n\t\t\t\t<div class=\"elementor-column elementor-col-25 elementor-top-column elementor-element elementor-element-117cf56\" data-id=\"117cf56\" data-element_type=\"column\" data-e-type=\"column\">\n\t\t\t<div class=\"elementor-widget-wrap elementor-element-populated\">\n\t\t\t\t\t\t<div class=\"elementor-element elementor-element-3331fc4 elementor-widget elementor-widget-image\" data-id=\"3331fc4\" data-element_type=\"widget\" data-e-type=\"widget\" data-widget_type=\"image.default\">\n\t\t\t\t<div class=\"elementor-widget-container\">\n\t\t\t\t\t\t\t\t\t\t\t\t\t\t\t<img loading=\"lazy\" decoding=\"async\" width=\"768\" height=\"1024\" src=\"https:\/\/mami-lab.org\/wp-content\/uploads\/2025\/02\/474155298_921760900141931_4200372481032165118_n-768x1024.jpg\" class=\"attachment-large size-large wp-image-2666\" alt=\"\" srcset=\"https:\/\/mami-lab.org\/wp-content\/uploads\/2025\/02\/474155298_921760900141931_4200372481032165118_n-768x1024.jpg 768w, https:\/\/mami-lab.org\/wp-content\/uploads\/2025\/02\/474155298_921760900141931_4200372481032165118_n-225x300.jpg 225w, https:\/\/mami-lab.org\/wp-content\/uploads\/2025\/02\/474155298_921760900141931_4200372481032165118_n-1152x1536.jpg 1152w, https:\/\/mami-lab.org\/wp-content\/uploads\/2025\/02\/474155298_921760900141931_4200372481032165118_n-9x12.jpg 9w, https:\/\/mami-lab.org\/wp-content\/uploads\/2025\/02\/elementor\/thumbs\/474155298_921760900141931_4200372481032165118_n-r1qazykztmfbx2c6k71eisoiuesry0j5a3o8yunsv4.jpg 900w, https:\/\/mami-lab.org\/wp-content\/uploads\/2025\/02\/474155298_921760900141931_4200372481032165118_n.jpg 1536w\" sizes=\"(max-width: 768px) 100vw, 768px\" \/>\t\t\t\t\t\t\t\t\t\t\t\t\t\t\t<\/div>\n\t\t\t\t<\/div>\n\t\t\t\t<div class=\"elementor-element elementor-element-96ac2ac elementor-widget elementor-widget-button\" data-id=\"96ac2ac\" data-element_type=\"widget\" data-e-type=\"widget\" data-widget_type=\"button.default\">\n\t\t\t\t<div class=\"elementor-widget-container\">\n\t\t\t\t\t\t\t\t\t<div class=\"elementor-button-wrapper\">\n\t\t\t\t\t<a class=\"elementor-button elementor-button-link elementor-size-sm\" href=\"https:\/\/www.facebook.com\/photo.php?fbid=921760893475265&#038;set=pb.100069240896478.-2207520000&#038;type=3\">\n\t\t\t\t\t\t<span class=\"elementor-button-content-wrapper\">\n\t\t\t\t\t\t\t\t\t<span class=\"elementor-button-text\">En savoir plus<\/span>\n\t\t\t\t\t<\/span>\n\t\t\t\t\t<\/a>\n\t\t\t\t<\/div>\n\t\t\t\t\t\t\t\t<\/div>\n\t\t\t\t<\/div>\n\t\t\t\t\t<\/div>\n\t\t<\/div>\n\t\t\t\t\t<\/div>\n\t\t<\/section>\n\t\t\t\t<section class=\"elementor-section elementor-top-section elementor-element elementor-element-78whwe3 elementor-section-content-middle elementor-section-boxed elementor-section-height-default elementor-section-height-default\" data-id=\"78whwe3\" data-element_type=\"section\" data-e-type=\"section\" data-settings=\"{&quot;background_background&quot;:&quot;classic&quot;}\">\n\t\t\t\t\t\t\t<div class=\"elementor-background-overlay\"><\/div>\n\t\t\t\t\t\t\t<div class=\"elementor-container elementor-column-gap-wide\">\n\t\t\t\t\t<div class=\"elementor-column elementor-col-33 elementor-top-column elementor-element elementor-element-c71d988\" data-id=\"c71d988\" data-element_type=\"column\" data-e-type=\"column\">\n\t\t\t<div class=\"elementor-widget-wrap elementor-element-populated\">\n\t\t\t\t\t\t<div class=\"elementor-element elementor-element-d7025db elementor-widget elementor-widget-image\" data-id=\"d7025db\" data-element_type=\"widget\" data-e-type=\"widget\" data-widget_type=\"image.default\">\n\t\t\t\t<div class=\"elementor-widget-container\">\n\t\t\t\t\t\t\t\t\t\t\t\t\t\t\t<img loading=\"lazy\" decoding=\"async\" width=\"754\" height=\"960\" src=\"https:\/\/mami-lab.org\/wp-content\/uploads\/2024\/12\/471744434_906425208342167_8324432230482047688_n.jpg\" class=\"attachment-large size-large wp-image-2508\" alt=\"\" srcset=\"https:\/\/mami-lab.org\/wp-content\/uploads\/2024\/12\/471744434_906425208342167_8324432230482047688_n.jpg 754w, https:\/\/mami-lab.org\/wp-content\/uploads\/2024\/12\/471744434_906425208342167_8324432230482047688_n-236x300.jpg 236w, https:\/\/mami-lab.org\/wp-content\/uploads\/2024\/12\/471744434_906425208342167_8324432230482047688_n-9x12.jpg 9w\" sizes=\"(max-width: 754px) 100vw, 754px\" \/>\t\t\t\t\t\t\t\t\t\t\t\t\t\t\t<\/div>\n\t\t\t\t<\/div>\n\t\t\t\t<div class=\"elementor-element elementor-element-67a162e elementor-widget elementor-widget-button\" data-id=\"67a162e\" data-element_type=\"widget\" data-e-type=\"widget\" data-widget_type=\"button.default\">\n\t\t\t\t<div class=\"elementor-widget-container\">\n\t\t\t\t\t\t\t\t\t<div class=\"elementor-button-wrapper\">\n\t\t\t\t\t<a class=\"elementor-button elementor-button-link elementor-size-sm\" href=\"https:\/\/www.facebook.com\/events\/3806443852938280\">\n\t\t\t\t\t\t<span class=\"elementor-button-content-wrapper\">\n\t\t\t\t\t\t\t\t\t<span class=\"elementor-button-text\">En savoir plus<\/span>\n\t\t\t\t\t<\/span>\n\t\t\t\t\t<\/a>\n\t\t\t\t<\/div>\n\t\t\t\t\t\t\t\t<\/div>\n\t\t\t\t<\/div>\n\t\t\t\t\t<\/div>\n\t\t<\/div>\n\t\t\t\t<div class=\"elementor-column elementor-col-33 elementor-top-column elementor-element elementor-element-51c3c3b\" data-id=\"51c3c3b\" data-element_type=\"column\" data-e-type=\"column\">\n\t\t\t<div class=\"elementor-widget-wrap elementor-element-populated\">\n\t\t\t\t\t\t<div class=\"elementor-element elementor-element-b8ec32e elementor-widget elementor-widget-image\" data-id=\"b8ec32e\" data-element_type=\"widget\" data-e-type=\"widget\" data-widget_type=\"image.default\">\n\t\t\t\t<div class=\"elementor-widget-container\">\n\t\t\t\t\t\t\t\t\t\t\t\t\t\t\t<img loading=\"lazy\" decoding=\"async\" width=\"804\" height=\"1024\" src=\"https:\/\/mami-lab.org\/wp-content\/uploads\/2024\/12\/WhatsApp-Image-2024-12-29-at-09.15.29-2-804x1024.jpeg\" class=\"attachment-large size-large wp-image-2495\" alt=\"\" srcset=\"https:\/\/mami-lab.org\/wp-content\/uploads\/2024\/12\/WhatsApp-Image-2024-12-29-at-09.15.29-2-804x1024.jpeg 804w, https:\/\/mami-lab.org\/wp-content\/uploads\/2024\/12\/WhatsApp-Image-2024-12-29-at-09.15.29-2-235x300.jpeg 235w, https:\/\/mami-lab.org\/wp-content\/uploads\/2024\/12\/WhatsApp-Image-2024-12-29-at-09.15.29-2-768x978.jpeg 768w, https:\/\/mami-lab.org\/wp-content\/uploads\/2024\/12\/WhatsApp-Image-2024-12-29-at-09.15.29-2-9x12.jpeg 9w, https:\/\/mami-lab.org\/wp-content\/uploads\/2024\/12\/WhatsApp-Image-2024-12-29-at-09.15.29-2.jpeg 1080w\" sizes=\"(max-width: 804px) 100vw, 804px\" \/>\t\t\t\t\t\t\t\t\t\t\t\t\t\t\t<\/div>\n\t\t\t\t<\/div>\n\t\t\t\t<div class=\"elementor-element elementor-element-0236ada elementor-widget elementor-widget-button\" data-id=\"0236ada\" data-element_type=\"widget\" data-e-type=\"widget\" data-widget_type=\"button.default\">\n\t\t\t\t<div class=\"elementor-widget-container\">\n\t\t\t\t\t\t\t\t\t<div class=\"elementor-button-wrapper\">\n\t\t\t\t\t<a class=\"elementor-button elementor-button-link elementor-size-sm\" href=\"https:\/\/www.facebook.com\/photo\/?fbid=895892129395475&#038;set=pb.100069240896478.-2207520000\">\n\t\t\t\t\t\t<span class=\"elementor-button-content-wrapper\">\n\t\t\t\t\t\t\t\t\t<span class=\"elementor-button-text\">En savoir plus<\/span>\n\t\t\t\t\t<\/span>\n\t\t\t\t\t<\/a>\n\t\t\t\t<\/div>\n\t\t\t\t\t\t\t\t<\/div>\n\t\t\t\t<\/div>\n\t\t\t\t\t<\/div>\n\t\t<\/div>\n\t\t\t\t<div class=\"elementor-column elementor-col-33 elementor-top-column elementor-element elementor-element-117cf56\" data-id=\"117cf56\" data-element_type=\"column\" data-e-type=\"column\">\n\t\t\t<div class=\"elementor-widget-wrap elementor-element-populated\">\n\t\t\t\t\t\t<div class=\"elementor-element elementor-element-3331fc4 elementor-widget elementor-widget-image\" data-id=\"3331fc4\" data-element_type=\"widget\" data-e-type=\"widget\" data-widget_type=\"image.default\">\n\t\t\t\t<div class=\"elementor-widget-container\">\n\t\t\t\t\t\t\t\t\t\t\t\t\t\t\t<img loading=\"lazy\" decoding=\"async\" width=\"768\" height=\"1024\" src=\"https:\/\/mami-lab.org\/wp-content\/uploads\/2024\/12\/WhatsApp-Image-2024-12-29-at-09.15.29-768x1024.jpeg\" class=\"attachment-large size-large wp-image-2496\" alt=\"\" srcset=\"https:\/\/mami-lab.org\/wp-content\/uploads\/2024\/12\/WhatsApp-Image-2024-12-29-at-09.15.29-768x1024.jpeg 768w, https:\/\/mami-lab.org\/wp-content\/uploads\/2024\/12\/WhatsApp-Image-2024-12-29-at-09.15.29-225x300.jpeg 225w, https:\/\/mami-lab.org\/wp-content\/uploads\/2024\/12\/WhatsApp-Image-2024-12-29-at-09.15.29-9x12.jpeg 9w, https:\/\/mami-lab.org\/wp-content\/uploads\/2024\/12\/WhatsApp-Image-2024-12-29-at-09.15.29.jpeg 1080w\" sizes=\"(max-width: 768px) 100vw, 768px\" \/>\t\t\t\t\t\t\t\t\t\t\t\t\t\t\t<\/div>\n\t\t\t\t<\/div>\n\t\t\t\t<div class=\"elementor-element elementor-element-96ac2ac elementor-widget elementor-widget-button\" data-id=\"96ac2ac\" data-element_type=\"widget\" data-e-type=\"widget\" data-widget_type=\"button.default\">\n\t\t\t\t<div class=\"elementor-widget-container\">\n\t\t\t\t\t\t\t\t\t<div class=\"elementor-button-wrapper\">\n\t\t\t\t\t<a class=\"elementor-button elementor-button-link elementor-size-sm\" href=\"https:\/\/www.facebook.com\/photo\/?fbid=891630529821635&#038;set=pb.100069240896478.-2207520000\">\n\t\t\t\t\t\t<span class=\"elementor-button-content-wrapper\">\n\t\t\t\t\t\t\t\t\t<span class=\"elementor-button-text\">En savoir plus<\/span>\n\t\t\t\t\t<\/span>\n\t\t\t\t\t<\/a>\n\t\t\t\t<\/div>\n\t\t\t\t\t\t\t\t<\/div>\n\t\t\t\t<\/div>\n\t\t\t\t\t<\/div>\n\t\t<\/div>\n\t\t\t\t\t<\/div>\n\t\t<\/section>\n\t\t\t\t<\/div>","protected":false},"excerpt":{"rendered":"<p>Eventos Saber m\u00e1s Saber m\u00e1s Saber m\u00e1s Saber m\u00e1s Saber m\u00e1s Saber m\u00e1s Saber m\u00e1s<\/p>","protected":false},"author":1,"featured_media":0,"parent":0,"menu_order":0,"comment_status":"closed","ping_status":"closed","template":"","meta":{"site-sidebar-layout":"no-sidebar","site-content-layout":"page-builder","ast-site-content-layout":"full-width-container","site-content-style":"default","site-sidebar-style":"default","ast-global-header-display":"","ast-banner-title-visibility":"","ast-main-header-display":"","ast-hfb-above-header-display":"","ast-hfb-below-header-display":"","ast-hfb-mobile-header-display":"","site-post-title":"disabled","ast-breadcrumbs-content":"","ast-featured-img":"disabled","footer-sml-layout":"","ast-disable-related-posts":"","theme-transparent-header-meta":"","adv-header-id-meta":"","stick-header-meta":"","header-above-stick-meta":"","header-main-stick-meta":"","header-below-stick-meta":"","astra-migrate-meta-layouts":"set","ast-page-background-enabled":"default","ast-page-background-meta":{"desktop":{"background-color":"var(--ast-global-color-5)","background-image":"","background-repeat":"repeat","background-position":"center center","background-size":"auto","background-attachment":"scroll","background-type":"","background-media":"","overlay-type":"","overlay-color":"","overlay-opacity":"","overlay-gradient":""},"tablet":{"background-color":"","background-image":"","background-repeat":"repeat","background-position":"center center","background-size":"auto","background-attachment":"scroll","background-type":"","background-media":"","overlay-type":"","overlay-color":"","overlay-opacity":"","overlay-gradient":""},"mobile":{"background-color":"","background-image":"","background-repeat":"repeat","background-position":"center center","background-size":"auto","background-attachment":"scroll","background-type":"","background-media":"","overlay-type":"","overlay-color":"","overlay-opacity":"","overlay-gradient":""}},"ast-content-background-meta":{"desktop":{"background-color":"var(--ast-global-color-4)","background-image":"","background-repeat":"repeat","background-position":"center center","background-size":"auto","background-attachment":"scroll","background-type":"","background-media":"","overlay-type":"","overlay-color":"","overlay-opacity":"","overlay-gradient":""},"tablet":{"background-color":"var(--ast-global-color-4)","background-image":"","background-repeat":"repeat","background-position":"center center","background-size":"auto","background-attachment":"scroll","background-type":"","background-media":"","overlay-type":"","overlay-color":"","overlay-opacity":"","overlay-gradient":""},"mobile":{"background-color":"var(--ast-global-color-4)","background-image":"","background-repeat":"repeat","background-position":"center center","background-size":"auto","background-attachment":"scroll","background-type":"","background-media":"","overlay-type":"","overlay-color":"","overlay-opacity":"","overlay-gradient":""}},"footnotes":""},"class_list":["post-1678","page","type-page","status-publish","hentry"],"_links":{"self":[{"href":"https:\/\/mami-lab.org\/fr\/wp-json\/wp\/v2\/pages\/1678","targetHints":{"allow":["GET"]}}],"collection":[{"href":"https:\/\/mami-lab.org\/fr\/wp-json\/wp\/v2\/pages"}],"about":[{"href":"https:\/\/mami-lab.org\/fr\/wp-json\/wp\/v2\/types\/page"}],"author":[{"embeddable":true,"href":"https:\/\/mami-lab.org\/fr\/wp-json\/wp\/v2\/users\/1"}],"replies":[{"embeddable":true,"href":"https:\/\/mami-lab.org\/fr\/wp-json\/wp\/v2\/comments?post=1678"}],"version-history":[{"count":16,"href":"https:\/\/mami-lab.org\/fr\/wp-json\/wp\/v2\/pages\/1678\/revisions"}],"predecessor-version":[{"id":2672,"href":"https:\/\/mami-lab.org\/fr\/wp-json\/wp\/v2\/pages\/1678\/revisions\/2672"}],"wp:attachment":[{"href":"https:\/\/mami-lab.org\/fr\/wp-json\/wp\/v2\/media?parent=1678"}],"curies":[{"name":"wp","href":"https:\/\/api.w.org\/{rel}","templated":true}]}}