{"id":1681,"date":"2024-11-13T13:44:46","date_gmt":"2024-11-13T13:44:46","guid":{"rendered":"https:\/\/mami-lab.org\/?page_id=1681"},"modified":"2024-12-29T17:11:20","modified_gmt":"2024-12-29T17:11:20","slug":"cafe-entre-mamis","status":"publish","type":"page","link":"https:\/\/mami-lab.org\/fr\/cafe-entre-mamis\/","title":{"rendered":"Caf\u00e9 entre mamis"},"content":{"rendered":"<div data-elementor-type=\"wp-page\" data-elementor-id=\"1681\" class=\"elementor elementor-1681\">\n\t\t\t\t<div class=\"elementor-element elementor-element-azpuogk e-flex e-con-boxed e-con e-parent\" data-id=\"azpuogk\" data-element_type=\"container\" data-e-type=\"container\" data-settings=\"{&quot;background_background&quot;:&quot;classic&quot;}\">\n\t\t\t\t\t<div class=\"e-con-inner\">\n\t\t<div class=\"elementor-element elementor-element-d21b7e0 e-flex e-con-boxed e-con e-child\" data-id=\"d21b7e0\" data-element_type=\"container\" data-e-type=\"container\">\n\t\t\t\t\t<div class=\"e-con-inner\">\n\t\t\t\t<div class=\"elementor-element elementor-element-e9fd9dc elementor-invisible elementor-widget elementor-widget-heading\" data-id=\"e9fd9dc\" data-element_type=\"widget\" data-e-type=\"widget\" data-settings=\"{&quot;_animation&quot;:&quot;fadeIn&quot;}\" data-widget_type=\"heading.default\">\n\t\t\t\t<div class=\"elementor-widget-container\">\n\t\t\t\t\t<h1 class=\"elementor-heading-title elementor-size-default\">Caf\u00e9 entre Ma.mis<\/h1>\t\t\t\t<\/div>\n\t\t\t\t<\/div>\n\t\t\t\t\t<\/div>\n\t\t\t\t<\/div>\n\t\t\t\t\t<\/div>\n\t\t\t\t<\/div>\n\t\t\t\t<section class=\"elementor-section elementor-top-section elementor-element elementor-element-vj94a54 elementor-section-content-middle elementor-section-boxed elementor-section-height-default elementor-section-height-default\" data-id=\"vj94a54\" data-element_type=\"section\" data-e-type=\"section\" data-settings=\"{&quot;background_background&quot;:&quot;classic&quot;}\">\n\t\t\t\t\t\t\t<div class=\"elementor-background-overlay\"><\/div>\n\t\t\t\t\t\t\t<div class=\"elementor-container elementor-column-gap-no\">\n\t\t\t\t\t<div class=\"elementor-column elementor-col-50 elementor-top-column elementor-element elementor-element-d5abc8a\" data-id=\"d5abc8a\" data-element_type=\"column\" data-e-type=\"column\">\n\t\t\t<div class=\"elementor-widget-wrap elementor-element-populated\">\n\t\t\t\t\t\t<div class=\"elementor-element elementor-element-d710dbb elementor-widget elementor-widget-video\" data-id=\"d710dbb\" data-element_type=\"widget\" data-e-type=\"widget\" data-settings=\"{&quot;video_type&quot;:&quot;hosted&quot;,&quot;controls&quot;:&quot;yes&quot;}\" data-widget_type=\"video.default\">\n\t\t\t\t<div class=\"elementor-widget-container\">\n\t\t\t\t\t\t\t<div class=\"e-hosted-video elementor-wrapper elementor-open-inline\">\n\t\t\t\t\t<video class=\"elementor-video\" src=\"https:\/\/mami-lab.org\/wp-content\/uploads\/2024\/11\/Video-de-carolina-del-valle\ud83c\udf08.mp4\" controls=\"\" preload=\"metadata\" controlslist=\"nodownload\"><\/video>\n\t\t\t\t<\/div>\n\t\t\t\t\t\t<\/div>\n\t\t\t\t<\/div>\n\t\t\t\t\t<\/div>\n\t\t<\/div>\n\t\t\t\t<div class=\"elementor-column elementor-col-50 elementor-top-column elementor-element elementor-element-1f377f6\" data-id=\"1f377f6\" data-element_type=\"column\" data-e-type=\"column\">\n\t\t\t<div class=\"elementor-widget-wrap elementor-element-populated\">\n\t\t\t\t\t\t<div class=\"elementor-element elementor-element-a16f8e5 elementor-widget elementor-widget-text-editor\" data-id=\"a16f8e5\" data-element_type=\"widget\" data-e-type=\"widget\" data-widget_type=\"text-editor.default\">\n\t\t\t\t<div class=\"elementor-widget-container\">\n\t\t\t\t\t\t\t\t\t<h5>Il s'agit d'un lieu de rencontre mensuel permettant aux m\u00e8res de partager des informations, des d\u00e9fis et des ressources, ainsi que de cr\u00e9er des r\u00e9seaux de soutien.<\/h5><h5><span style=\"font-weight: 400;\">Elles ont lieu principalement le dernier samedi de chaque mois en dehors des vacances scolaires.<\/span><\/h5><h5><span style=\"font-weight: 400;\">Il comprend un espace pour les enfants de 2 \u00e0 8 ans \u00ab Lengua Madre \u00bb. Pendant que se d\u00e9roulent les \u00ab Caf\u00e9s entre ma.mis \u00bb, les enfants peuvent participer \u00e0 des activit\u00e9s de renforcement de leur langue maternelle en espagnol, ainsi qu'\u00e0 des activit\u00e9s ludiques et cr\u00e9atives.<\/span><\/h5><p>\u00a0<\/p>\t\t\t\t\t\t\t\t<\/div>\n\t\t\t\t<\/div>\n\t\t\t\t\t<\/div>\n\t\t<\/div>\n\t\t\t\t\t<\/div>\n\t\t<\/section>\n\t\t<div class=\"elementor-element elementor-element-86dd041 e-grid e-con-boxed e-con e-parent\" data-id=\"86dd041\" data-element_type=\"container\" data-e-type=\"container\">\n\t\t\t\t\t<div class=\"e-con-inner\">\n\t\t\t\t<div class=\"elementor-element elementor-element-5d4bb3a elementor-widget elementor-widget-image\" data-id=\"5d4bb3a\" data-element_type=\"widget\" data-e-type=\"widget\" data-widget_type=\"image.default\">\n\t\t\t\t<div class=\"elementor-widget-container\">\n\t\t\t\t\t\t\t\t\t\t\t\t<figure class=\"wp-caption\">\n\t\t\t\t\t\t\t\t\t\t\t<a href=\"https:\/\/www.facebook.com\/share\/p\/StwUPooHKgU8t4Hw\/\">\n\t\t\t\t\t\t\t<img fetchpriority=\"high\" decoding=\"async\" width=\"804\" height=\"1024\" src=\"https:\/\/mami-lab.org\/wp-content\/uploads\/2024\/12\/Red-And-Green-Illustrative-Christmas-Party-Poster-1-804x1024.png\" class=\"attachment-large size-large wp-image-2493\" alt=\"\" srcset=\"https:\/\/mami-lab.org\/wp-content\/uploads\/2024\/12\/Red-And-Green-Illustrative-Christmas-Party-Poster-1-804x1024.png 804w, https:\/\/mami-lab.org\/wp-content\/uploads\/2024\/12\/Red-And-Green-Illustrative-Christmas-Party-Poster-1-236x300.png 236w, https:\/\/mami-lab.org\/wp-content\/uploads\/2024\/12\/Red-And-Green-Illustrative-Christmas-Party-Poster-1-768x978.png 768w, https:\/\/mami-lab.org\/wp-content\/uploads\/2024\/12\/Red-And-Green-Illustrative-Christmas-Party-Poster-1-1207x1536.png 1207w, https:\/\/mami-lab.org\/wp-content\/uploads\/2024\/12\/Red-And-Green-Illustrative-Christmas-Party-Poster-1-9x12.png 9w, https:\/\/mami-lab.org\/wp-content\/uploads\/2024\/12\/Red-And-Green-Illustrative-Christmas-Party-Poster-1.png 1571w\" sizes=\"(max-width: 804px) 100vw, 804px\" \/>\t\t\t\t\t\t\t\t<\/a>\n\t\t\t\t\t\t\t\t\t\t\t<figcaption class=\"widget-image-caption wp-caption-text\">Prochaine r\u00e9union\/ janvier 2025<\/figcaption>\n\t\t\t\t\t\t\t\t\t\t<\/figure>\n\t\t\t\t\t\t\t\t\t<\/div>\n\t\t\t\t<\/div>\n\t\t\t\t<div class=\"elementor-element elementor-element-5f41233 elementor-widget elementor-widget-image\" data-id=\"5f41233\" data-element_type=\"widget\" data-e-type=\"widget\" data-widget_type=\"image.default\">\n\t\t\t\t<div class=\"elementor-widget-container\">\n\t\t\t\t\t\t\t\t\t\t\t\t<figure class=\"wp-caption\">\n\t\t\t\t\t\t\t\t\t\t<img decoding=\"async\" width=\"804\" height=\"1024\" src=\"https:\/\/mami-lab.org\/wp-content\/uploads\/2024\/12\/WhatsApp-Image-2024-12-29-at-09.15.29-2-804x1024.jpeg\" class=\"attachment-large size-large wp-image-2495\" alt=\"\" srcset=\"https:\/\/mami-lab.org\/wp-content\/uploads\/2024\/12\/WhatsApp-Image-2024-12-29-at-09.15.29-2-804x1024.jpeg 804w, https:\/\/mami-lab.org\/wp-content\/uploads\/2024\/12\/WhatsApp-Image-2024-12-29-at-09.15.29-2-235x300.jpeg 235w, https:\/\/mami-lab.org\/wp-content\/uploads\/2024\/12\/WhatsApp-Image-2024-12-29-at-09.15.29-2-768x978.jpeg 768w, https:\/\/mami-lab.org\/wp-content\/uploads\/2024\/12\/WhatsApp-Image-2024-12-29-at-09.15.29-2-9x12.jpeg 9w, https:\/\/mami-lab.org\/wp-content\/uploads\/2024\/12\/WhatsApp-Image-2024-12-29-at-09.15.29-2.jpeg 1080w\" sizes=\"(max-width: 804px) 100vw, 804px\" \/>\t\t\t\t\t\t\t\t\t\t\t<figcaption class=\"widget-image-caption wp-caption-text\">R\u00e9union de d\u00e9cembre 2024<\/figcaption>\n\t\t\t\t\t\t\t\t\t\t<\/figure>\n\t\t\t\t\t\t\t\t\t<\/div>\n\t\t\t\t<\/div>\n\t\t\t\t<div class=\"elementor-element elementor-element-3944e9e elementor-widget elementor-widget-image\" data-id=\"3944e9e\" data-element_type=\"widget\" data-e-type=\"widget\" data-widget_type=\"image.default\">\n\t\t\t\t<div class=\"elementor-widget-container\">\n\t\t\t\t\t\t\t\t\t\t\t\t<figure class=\"wp-caption\">\n\t\t\t\t\t\t\t\t\t\t<img decoding=\"async\" width=\"768\" height=\"1024\" src=\"https:\/\/mami-lab.org\/wp-content\/uploads\/2024\/12\/WhatsApp-Image-2024-12-29-at-09.15.29-768x1024.jpeg\" class=\"attachment-large size-large wp-image-2496\" alt=\"\" srcset=\"https:\/\/mami-lab.org\/wp-content\/uploads\/2024\/12\/WhatsApp-Image-2024-12-29-at-09.15.29-768x1024.jpeg 768w, https:\/\/mami-lab.org\/wp-content\/uploads\/2024\/12\/WhatsApp-Image-2024-12-29-at-09.15.29-225x300.jpeg 225w, https:\/\/mami-lab.org\/wp-content\/uploads\/2024\/12\/WhatsApp-Image-2024-12-29-at-09.15.29-9x12.jpeg 9w, https:\/\/mami-lab.org\/wp-content\/uploads\/2024\/12\/WhatsApp-Image-2024-12-29-at-09.15.29.jpeg 1080w\" sizes=\"(max-width: 768px) 100vw, 768px\" \/>\t\t\t\t\t\t\t\t\t\t\t<figcaption class=\"widget-image-caption wp-caption-text\">R\u00e9union de novembre 2024<\/figcaption>\n\t\t\t\t\t\t\t\t\t\t<\/figure>\n\t\t\t\t\t\t\t\t\t<\/div>\n\t\t\t\t<\/div>\n\t\t\t\t\t<\/div>\n\t\t\t\t<\/div>\n\t\t<div class=\"elementor-element elementor-element-5uovuuw e-flex e-con-boxed e-con e-parent\" data-id=\"5uovuuw\" data-element_type=\"container\" data-e-type=\"container\" data-settings=\"{&quot;background_background&quot;:&quot;classic&quot;}\">\n\t\t\t\t\t<div class=\"e-con-inner\">\n\t\t<div class=\"elementor-element elementor-element-b71e4eb e-con-full e-flex e-con e-child\" data-id=\"b71e4eb\" data-element_type=\"container\" data-e-type=\"container\">\n\t\t\t\t<div class=\"elementor-element elementor-element-346bb0b elementor-pagination-position-outside elementor-invisible elementor-widget elementor-widget-image-carousel\" data-id=\"346bb0b\" data-element_type=\"widget\" data-e-type=\"widget\" data-settings=\"{&quot;slides_to_show&quot;:&quot;3&quot;,&quot;slides_to_scroll&quot;:&quot;1&quot;,&quot;navigation&quot;:&quot;dots&quot;,&quot;autoplay_speed&quot;:2000,&quot;slides_to_show_tablet&quot;:&quot;2&quot;,&quot;slides_to_show_mobile&quot;:&quot;1&quot;,&quot;_animation&quot;:&quot;fadeIn&quot;,&quot;autoplay&quot;:&quot;yes&quot;,&quot;pause_on_hover&quot;:&quot;yes&quot;,&quot;pause_on_interaction&quot;:&quot;yes&quot;,&quot;infinite&quot;:&quot;yes&quot;,&quot;speed&quot;:500,&quot;image_spacing_custom&quot;:{&quot;unit&quot;:&quot;px&quot;,&quot;size&quot;:20,&quot;sizes&quot;:[]},&quot;image_spacing_custom_tablet&quot;:{&quot;unit&quot;:&quot;px&quot;,&quot;size&quot;:&quot;&quot;,&quot;sizes&quot;:[]}}\" data-widget_type=\"image-carousel.default\">\n\t\t\t\t<div class=\"elementor-widget-container\">\n\t\t\t\t\t\t\t<div class=\"elementor-image-carousel-wrapper swiper\" role=\"region\" aria-roledescription=\"carousel\" aria-label=\"Carrusel de im\u00e1genes\" dir=\"ltr\">\n\t\t\t<div class=\"elementor-image-carousel swiper-wrapper swiper-image-stretch\" aria-live=\"off\">\n\t\t\t\t\t\t\t\t<div class=\"swiper-slide\" role=\"group\" aria-roledescription=\"slide\" aria-label=\"1 of 13\" data-no-translation-aria-label=\"\"><figure class=\"swiper-slide-inner\"><img decoding=\"async\" class=\"swiper-slide-image\" src=\"https:\/\/mami-lab.org\/wp-content\/uploads\/elementor\/thumbs\/Photo-de-carolina-del-valle\ud83c\udf08-19-qz7n2k34synvzvygametfknbglfsf53ydwzllma0bc.jpg\" alt=\"Photo de carolina del valle\ud83c\udf08 (19)\" \/><\/figure><\/div><div class=\"swiper-slide\" role=\"group\" aria-roledescription=\"slide\" aria-label=\"2 of 13\" data-no-translation-aria-label=\"\"><figure class=\"swiper-slide-inner\"><img decoding=\"async\" class=\"swiper-slide-image\" src=\"https:\/\/mami-lab.org\/wp-content\/uploads\/elementor\/thumbs\/Photo-de-carolina-del-valle\ud83c\udf08-13-qz7n3nkcs05xjid3w3h5caooes17efgojcdzr8nh20.jpg\" alt=\"Photo de carolina del valle\ud83c\udf08 (13)\" \/><\/figure><\/div><div class=\"swiper-slide\" role=\"group\" aria-roledescription=\"slide\" aria-label=\"3 of 13\" data-no-translation-aria-label=\"\"><figure class=\"swiper-slide-inner\"><img decoding=\"async\" class=\"swiper-slide-image\" src=\"https:\/\/mami-lab.org\/wp-content\/uploads\/elementor\/thumbs\/WhatsApp-Image-2024-11-21-at-18.51.04-qxfixpuogytvogxy4a9u6rfvr7gwv2amujkub4uyhk.jpeg\" alt=\"WhatsApp Image 2024-11-21 at 18.51.04\" \/><\/figure><\/div><div class=\"swiper-slide\" role=\"group\" aria-roledescription=\"slide\" aria-label=\"4 of 13\" data-no-translation-aria-label=\"\"><figure class=\"swiper-slide-inner\"><img decoding=\"async\" class=\"swiper-slide-image\" src=\"https:\/\/mami-lab.org\/wp-content\/uploads\/elementor\/thumbs\/Photo-de-carolina-del-valle\ud83c\udf08-27-qz7n2z4jub8h5ncluswujguoyrdnuarnrzfda1npjs.jpg\" alt=\"Photo de carolina del valle\ud83c\udf08 (27)\" \/><\/figure><\/div><div class=\"swiper-slide\" role=\"group\" aria-roledescription=\"slide\" aria-label=\"5 of 13\" data-no-translation-aria-label=\"\"><figure class=\"swiper-slide-inner\"><img decoding=\"async\" class=\"swiper-slide-image\" src=\"https:\/\/mami-lab.org\/wp-content\/uploads\/elementor\/thumbs\/Photo-de-carolina-del-valle\ud83c\udf08-3-qxehlb8thifu2lrmi5pix0nstdvhjv3iocpptq81zs.jpg\" alt=\"Photo de carolina del valle\ud83c\udf08 (3)\" \/><\/figure><\/div><div class=\"swiper-slide\" role=\"group\" aria-roledescription=\"slide\" aria-label=\"6 of 13\" data-no-translation-aria-label=\"\"><figure class=\"swiper-slide-inner\"><img decoding=\"async\" class=\"swiper-slide-image\" src=\"https:\/\/mami-lab.org\/wp-content\/uploads\/elementor\/thumbs\/4eme-rancontre-Oct2023-qxehkv9k9btyl8eu3gsv8moypu28x0c2y5mgo0vqxk.jpg\" alt=\"4eme rancontre Oct2023\" \/><\/figure><\/div><div class=\"swiper-slide\" role=\"group\" aria-roledescription=\"slide\" aria-label=\"7 of 13\" data-no-translation-aria-label=\"\"><figure class=\"swiper-slide-inner\"><img decoding=\"async\" class=\"swiper-slide-image\" src=\"https:\/\/mami-lab.org\/wp-content\/uploads\/elementor\/thumbs\/Photo-de-carolina-del-valle\ud83c\udf08-26-qz7n2x8vgn5wiffc5s3lehbrrzmxewk73q4ebhqhw8.jpg\" alt=\"Photo de carolina del valle\ud83c\udf08 (26)\" \/><\/figure><\/div><div class=\"swiper-slide\" role=\"group\" aria-roledescription=\"slide\" aria-label=\"8 of 13\" data-no-translation-aria-label=\"\"><figure class=\"swiper-slide-inner\"><img decoding=\"async\" class=\"swiper-slide-image\" src=\"https:\/\/mami-lab.org\/wp-content\/uploads\/elementor\/thumbs\/PHOTO-2024-02-24-19-46-52-1-qxei5c713furfioekbcdjgqcfx60jpln3h34wyj3fc.jpg\" alt=\"PHOTO-2024-02-24-19-46-52\" \/><\/figure><\/div><div class=\"swiper-slide\" role=\"group\" aria-roledescription=\"slide\" aria-label=\"9 of 13\" data-no-translation-aria-label=\"\"><figure class=\"swiper-slide-inner\"><img decoding=\"async\" class=\"swiper-slide-image\" src=\"https:\/\/mami-lab.org\/wp-content\/uploads\/elementor\/thumbs\/Photo-de-carolina-del-valle\ud83c\udf08-24-qz7n2thipb0r7zksrqh34i9xeg5gk459r7igedw2l4.jpg\" alt=\"Photo de carolina del valle\ud83c\udf08 (24)\" \/><\/figure><\/div><div class=\"swiper-slide\" role=\"group\" aria-roledescription=\"slide\" aria-label=\"10 of 13\" data-no-translation-aria-label=\"\"><figure class=\"swiper-slide-inner\"><img decoding=\"async\" class=\"swiper-slide-image\" src=\"https:\/\/mami-lab.org\/wp-content\/uploads\/elementor\/thumbs\/Photo-de-carolina-del-valle\ud83c\udf08-25-qz7n2vd72z3bv7i2grac9hsul7w6zicqfgtfcxta8o.jpg\" alt=\"Photo de carolina del valle\ud83c\udf08 (25)\" \/><\/figure><\/div><div class=\"swiper-slide\" role=\"group\" aria-roledescription=\"slide\" aria-label=\"11 of 13\" data-no-translation-aria-label=\"\"><figure class=\"swiper-slide-inner\"><img decoding=\"async\" class=\"swiper-slide-image\" src=\"https:\/\/mami-lab.org\/wp-content\/uploads\/elementor\/thumbs\/Photo-de-carolina-del-valle\ud83c\udf08-22-qz7n2pq5xyvlxjq9doukuj830wnzpbqceowiha1na0.jpg\" alt=\"Photo de carolina del valle\ud83c\udf08 (22)\" \/><\/figure><\/div><div class=\"swiper-slide\" role=\"group\" aria-roledescription=\"slide\" aria-label=\"12 of 13\" data-no-translation-aria-label=\"\"><figure class=\"swiper-slide-inner\"><img decoding=\"async\" class=\"swiper-slide-image\" src=\"https:\/\/mami-lab.org\/wp-content\/uploads\/elementor\/thumbs\/Photo-de-carolina-del-valle\ud83c\udf08-21-qz7n2nuhkat1abszoo1bpjp5u4x99xivqfljiq4fmg.jpg\" alt=\"Photo de carolina del valle\ud83c\udf08 (21)\" \/><\/figure><\/div><div class=\"swiper-slide\" role=\"group\" aria-roledescription=\"slide\" aria-label=\"13 of 13\" data-no-translation-aria-label=\"\"><figure class=\"swiper-slide-inner\"><img decoding=\"async\" class=\"swiper-slide-image\" src=\"https:\/\/mami-lab.org\/wp-content\/uploads\/elementor\/thumbs\/Photo-de-carolina-del-valle\ud83c\udf08-20-qz7n2lyt6mqgn3vpzn82kk68nd6iujbf26akk677yw.jpg\" alt=\"Photo de carolina del valle\ud83c\udf08 (20)\" \/><\/figure><\/div>\t\t\t<\/div>\n\t\t\t\t\t\t\t\n\t\t\t\t\t\t\t\t\t<div class=\"swiper-pagination\"><\/div>\n\t\t\t\t\t\t\t\t\t<\/div>\n\t\t\t\t\t\t<\/div>\n\t\t\t\t<\/div>\n\t\t\t\t<\/div>\n\t\t\t\t\t<\/div>\n\t\t\t\t<\/div>\n\t\t\t\t<\/div>","protected":false},"excerpt":{"rendered":"<p>Caf\u00e9 entre Ma.mis https:\/\/mami-lab.org\/wp-content\/uploads\/2024\/11\/Video-de-carolina-del-valle\ud83c\udf08.mp4 Es un espacio de encuentro mensual para compartir informaci\u00f3n, desafios y recuersos entre madres asi como para la creaci\u00f3n de redes de apoyo. Se realizan principalmente [&hellip;]<\/p>\n","protected":false},"author":1,"featured_media":0,"parent":0,"menu_order":0,"comment_status":"closed","ping_status":"closed","template":"","meta":{"site-sidebar-layout":"no-sidebar","site-content-layout":"page-builder","ast-site-content-layout":"full-width-container","site-content-style":"default","site-sidebar-style":"default","ast-global-header-display":"","ast-banner-title-visibility":"","ast-main-header-display":"","ast-hfb-above-header-display":"","ast-hfb-below-header-display":"","ast-hfb-mobile-header-display":"","site-post-title":"disabled","ast-breadcrumbs-content":"","ast-featured-img":"disabled","footer-sml-layout":"","ast-disable-related-posts":"","theme-transparent-header-meta":"","adv-header-id-meta":"","stick-header-meta":"","header-above-stick-meta":"","header-main-stick-meta":"","header-below-stick-meta":"","astra-migrate-meta-layouts":"default","ast-page-background-enabled":"default","ast-page-background-meta":{"desktop":{"background-color":"var(--ast-global-color-5)","background-image":"","background-repeat":"repeat","background-position":"center center","background-size":"auto","background-attachment":"scroll","background-type":"","background-media":"","overlay-type":"","overlay-color":"","overlay-opacity":"","overlay-gradient":""},"tablet":{"background-color":"","background-image":"","background-repeat":"repeat","background-position":"center center","background-size":"auto","background-attachment":"scroll","background-type":"","background-media":"","overlay-type":"","overlay-color":"","overlay-opacity":"","overlay-gradient":""},"mobile":{"background-color":"","background-image":"","background-repeat":"repeat","background-position":"center center","background-size":"auto","background-attachment":"scroll","background-type":"","background-media":"","overlay-type":"","overlay-color":"","overlay-opacity":"","overlay-gradient":""}},"ast-content-background-meta":{"desktop":{"background-color":"var(--ast-global-color-4)","background-image":"","background-repeat":"repeat","background-position":"center center","background-size":"auto","background-attachment":"scroll","background-type":"","background-media":"","overlay-type":"","overlay-color":"","overlay-opacity":"","overlay-gradient":""},"tablet":{"background-color":"var(--ast-global-color-4)","background-image":"","background-repeat":"repeat","background-position":"center center","background-size":"auto","background-attachment":"scroll","background-type":"","background-media":"","overlay-type":"","overlay-color":"","overlay-opacity":"","overlay-gradient":""},"mobile":{"background-color":"var(--ast-global-color-4)","background-image":"","background-repeat":"repeat","background-position":"center center","background-size":"auto","background-attachment":"scroll","background-type":"","background-media":"","overlay-type":"","overlay-color":"","overlay-opacity":"","overlay-gradient":""}},"footnotes":""},"class_list":["post-1681","page","type-page","status-publish","hentry"],"_links":{"self":[{"href":"https:\/\/mami-lab.org\/fr\/wp-json\/wp\/v2\/pages\/1681","targetHints":{"allow":["GET"]}}],"collection":[{"href":"https:\/\/mami-lab.org\/fr\/wp-json\/wp\/v2\/pages"}],"about":[{"href":"https:\/\/mami-lab.org\/fr\/wp-json\/wp\/v2\/types\/page"}],"author":[{"embeddable":true,"href":"https:\/\/mami-lab.org\/fr\/wp-json\/wp\/v2\/users\/1"}],"replies":[{"embeddable":true,"href":"https:\/\/mami-lab.org\/fr\/wp-json\/wp\/v2\/comments?post=1681"}],"version-history":[{"count":25,"href":"https:\/\/mami-lab.org\/fr\/wp-json\/wp\/v2\/pages\/1681\/revisions"}],"predecessor-version":[{"id":2556,"href":"https:\/\/mami-lab.org\/fr\/wp-json\/wp\/v2\/pages\/1681\/revisions\/2556"}],"wp:attachment":[{"href":"https:\/\/mami-lab.org\/fr\/wp-json\/wp\/v2\/media?parent=1681"}],"curies":[{"name":"wp","href":"https:\/\/api.w.org\/{rel}","templated":true}]}}