{"id":1901,"date":"2024-11-19T15:46:54","date_gmt":"2024-11-19T15:46:54","guid":{"rendered":"https:\/\/mami-lab.org\/?page_id=1901"},"modified":"2024-12-28T22:30:59","modified_gmt":"2024-12-28T22:30:59","slug":"nuestra-mision-vision-y-valores","status":"publish","type":"page","link":"https:\/\/mami-lab.org\/fr\/nuestra-mision-vision-y-valores\/","title":{"rendered":"Nuestra misi\u00f3n, visi\u00f3n y valores"},"content":{"rendered":"<div data-elementor-type=\"wp-page\" data-elementor-id=\"1901\" class=\"elementor elementor-1901\">\n\t\t\t\t<div class=\"elementor-element elementor-element-yhgcaiv e-flex e-con-boxed elementor-invisible e-con e-parent\" data-id=\"yhgcaiv\" data-element_type=\"container\" data-e-type=\"container\" data-settings=\"{&quot;background_background&quot;:&quot;classic&quot;,&quot;animation&quot;:&quot;fadeIn&quot;}\">\n\t\t\t\t\t<div class=\"e-con-inner\">\n\t\t<div class=\"elementor-element elementor-element-8f73ee5 e-flex e-con-boxed e-con e-child\" data-id=\"8f73ee5\" data-element_type=\"container\" data-e-type=\"container\">\n\t\t\t\t\t<div class=\"e-con-inner\">\n\t\t\t\t<div class=\"elementor-element elementor-element-93873aa elementor-widget elementor-widget-heading\" data-id=\"93873aa\" data-element_type=\"widget\" data-e-type=\"widget\" data-widget_type=\"heading.default\">\n\t\t\t\t<div class=\"elementor-widget-container\">\n\t\t\t\t\t<h1 class=\"elementor-heading-title elementor-size-default\">Le manifeste<\/h1>\t\t\t\t<\/div>\n\t\t\t\t<\/div>\n\t\t\t\t\t<\/div>\n\t\t\t\t<\/div>\n\t\t\t\t\t<\/div>\n\t\t\t\t<\/div>\n\t\t<div class=\"elementor-element elementor-element-oy8izzd e-flex e-con-boxed elementor-invisible e-con e-parent\" data-id=\"oy8izzd\" data-element_type=\"container\" data-e-type=\"container\" data-settings=\"{&quot;background_background&quot;:&quot;classic&quot;,&quot;animation&quot;:&quot;fadeIn&quot;}\">\n\t\t\t\t\t<div class=\"e-con-inner\">\n\t\t<div class=\"elementor-element elementor-element-5db1738 e-con-full e-flex e-con e-child\" data-id=\"5db1738\" data-element_type=\"container\" data-e-type=\"container\">\n\t\t\t\t<div class=\"elementor-element elementor-element-728a3ca elementor-widget elementor-widget-text-editor\" data-id=\"728a3ca\" data-element_type=\"widget\" data-e-type=\"widget\" data-widget_type=\"text-editor.default\">\n\t\t\t\t<div class=\"elementor-widget-container\">\n\t\t\t\t\t\t\t\t\t<h5><b>\u00catre m\u00e8re dans un contexte migratoire est une d\u00e9cision complexe (quelle qu'en soit la raison), <\/b><b>parce qu'il est n\u00e9cessaire de cohabiter avec le processus d'\u00ab int\u00e9gration \u00bb et les changements inh\u00e9rents \u00e0 la maternit\u00e9. La femme-m\u00e8re doit cohabiter \u00e0 l'intersection d'\u00e9l\u00e9ments li\u00e9s au <span style=\"color: #99cc00;\">genre<\/span>dans la sph\u00e8re intime ou sociale, et parfois en cohabitant avec diff\u00e9rents\u00a0 <span style=\"color: #99cc00;\">discrimination<\/span>\u00a0\u00a0\u00e0 leurs enfants ou \u00e0 leur famille. <\/b><\/h5><h5><b>\u00catre une m\u00e8re dans la migration implique :<\/b><\/h5>\t\t\t\t\t\t\t\t<\/div>\n\t\t\t\t<\/div>\n\t\t\t\t<div class=\"elementor-element elementor-element-d7c939b elementor-widget elementor-widget-text-editor\" data-id=\"d7c939b\" data-element_type=\"widget\" data-e-type=\"widget\" data-widget_type=\"text-editor.default\">\n\t\t\t\t<div class=\"elementor-widget-container\">\n\t\t\t\t\t\t\t\t\t<ul><li><h5><strong><span style=\"color: #99cc00;\">Subissent des violences diverses, souvent inattendues, li\u00e9es \u00e0 des in\u00e9galit\u00e9s ancr\u00e9es dans la migration qui nous fragilisent encore plus lorsque nous devenons m\u00e8res, sans r\u00e9seau de soutien et dans l'isolement.<\/span><\/strong><\/h5><\/li><li><h5><strong><span style=\"color: #99cc00;\">Apprendre une nouvelle langue tout en maternant, alors que vous n'avez ni le temps ni la disposition d'esprit pour le faire.<\/span><\/strong><\/h5><\/li><li><h5><strong><span style=\"color: #99cc00;\">Se reconstruire en tant que femmes, m\u00e8res et migrantes, \u00e0 partir de l'estime de soi affect\u00e9e par la recherche de r\u00e9f\u00e9rences culturelles et les diff\u00e9rents obstacles li\u00e9s \u00e0 la migration.<\/span><\/strong><\/h5><\/li><li><h5><strong><span style=\"color: #99cc00;\">\u00catre contraint de travailler d\u00e8s le d\u00e9part, dans un emploi jamais imagin\u00e9, tout en validant ses comp\u00e9tences ou en se r\u00e9inventant (perte de statut professionnel).<\/span><\/strong><\/h5><\/li><li><h5><strong><span style=\"color: #99cc00;\">Le deuil de la perte (symbolique ou physique) de la famille \u00e9largie dans le pays d'origine et des r\u00e9seaux de soutien qu'il faut du temps pour recr\u00e9er. <\/span><\/strong><\/h5><\/li><li><h5><strong><span style=\"color: #99cc00;\">\u00a0Assimiler et comprendre les mod\u00e8les \u00e9ducatifs et culturels de la soci\u00e9t\u00e9 d'accueil, souvent tr\u00e8s diff\u00e9rents de ceux de nos pays. Parfois, nous nous int\u00e9grons trop en oubliant nos racines.<\/span><\/strong><\/h5><\/li><li><h5><strong><span style=\"color: #99cc00;\">Vivant parfois dans une immobilit\u00e9 forc\u00e9e en raison de la tutelle des enfants et de la discrimination \u00e9conomique et juridique li\u00e9e au statut migratoire.<\/span><\/strong><\/h5><\/li><li><h5><strong><span style=\"color: #99cc00;\">Une charge mentale \u00e9crasante. En plus d'assumer le r\u00f4le d'aidant, de s'occuper de la plupart des t\u00e2ches m\u00e9nag\u00e8res ou des enfants, ils doivent trouver leur place au-del\u00e0 de ces r\u00f4les. Nous devons travailler sur une vision de la coresponsabilit\u00e9 parentale qui laisse l'espace n\u00e9cessaire \u00e0 ce processus d'adaptation.<\/span><\/strong><\/h5><\/li><li><h5><strong><span style=\"color: #99cc00;\">\u00a0De multiples vuln\u00e9rabilit\u00e9s \u00e9conomiques, juridiques et de discrimination en tant que m\u00e8re c\u00e9libataire, li\u00e9es \u00e0 la monoparentalit\u00e9.  Outre la barri\u00e8re de la langue, trouver un logement d\u00e9cent est l'une des <\/span><\/strong><strong><span style=\"color: #99cc00;\">plus <\/span><\/strong><strong><span style=\"color: #99cc00;\">grandes difficult\u00e9s.\u00a0<\/span><\/strong><\/h5><\/li><\/ul>\t\t\t\t\t\t\t\t<\/div>\n\t\t\t\t<\/div>\n\t\t\t\t<\/div>\n\t\t\t\t\t<\/div>\n\t\t\t\t<\/div>\n\t\t<div class=\"elementor-element elementor-element-9d6d02c e-grid e-con-boxed e-con e-parent\" data-id=\"9d6d02c\" data-element_type=\"container\" data-e-type=\"container\">\n\t\t\t\t\t<div class=\"e-con-inner\">\n\t\t\t\t<div class=\"elementor-element elementor-element-be0f110 elementor-widget elementor-widget-text-editor\" data-id=\"be0f110\" data-element_type=\"widget\" data-e-type=\"widget\" data-widget_type=\"text-editor.default\">\n\t\t\t\t<div class=\"elementor-widget-container\">\n\t\t\t\t\t\t\t\t\t<blockquote><h4><span style=\"color: #808080;\"><strong><em>\u00ab J'ai fait une d\u00e9pression, je me suis dit 'ce que tu vis n'est pas rien'... Tu as quitt\u00e9 un niveau de vie, je suis pass\u00e9e de directrice \u00e0 caissi\u00e8re \u00bb.<\/em><\/strong><\/span><\/h4><\/blockquote>\t\t\t\t\t\t\t\t<\/div>\n\t\t\t\t<\/div>\n\t\t\t\t<div class=\"elementor-element elementor-element-1f7de71 elementor-widget elementor-widget-text-editor\" data-id=\"1f7de71\" data-element_type=\"widget\" data-e-type=\"widget\" data-widget_type=\"text-editor.default\">\n\t\t\t\t<div class=\"elementor-widget-container\">\n\t\t\t\t\t\t\t\t\t<blockquote><h4><span style=\"color: #808080;\"><em><b>\u00abVivre la maternit\u00e9 seule n'est pas normal. On s'en veut tout le temps \u00ab Pourquoi je ne fais pas \u00e7a avec ma fille, pourquoi je n'ai pas le temps ? puis je vois que tout dans la maison m'est laiss\u00e9 seul... parfois je me dis \u201ctu es la chose la plus importante parce que tu soutiens la maison\u201d... ce n'est pas la maison elle-m\u00eame... La maternit\u00e9 \u00e0 l'\u00e9tranger, c'est autre chose sans le r\u00e9seau de soutien... \u00bb.\u00a0<\/b><\/em><\/span><\/h4><\/blockquote>\t\t\t\t\t\t\t\t<\/div>\n\t\t\t\t<\/div>\n\t\t\t\t<div class=\"elementor-element elementor-element-8382c6c elementor-widget elementor-widget-text-editor\" data-id=\"8382c6c\" data-element_type=\"widget\" data-e-type=\"widget\" data-widget_type=\"text-editor.default\">\n\t\t\t\t<div class=\"elementor-widget-container\">\n\t\t\t\t\t\t\t\t\t<blockquote><h4><strong><span style=\"color: #808080;\">\u00abJ'ai rencontr\u00e9 mon mari mais je pensais beaucoup \u00e0 tout quitter, c'\u00e9tait difficile pour moi... Quand je suis tomb\u00e9e enceinte en Belgique, je suis rest\u00e9e \u00e0 la maison. C'\u00e9tait des grossesses compliqu\u00e9es. J'ai fait une d\u00e9pression, la maternit\u00e9 seule est tr\u00e8s compliqu\u00e9e. Mes parents sont morts de Covid et mon monde s'est \u00e9croul\u00e9. J'ai sombr\u00e9 dans une profonde d\u00e9pression.\u00bb<\/span><\/strong><\/h4><\/blockquote>\t\t\t\t\t\t\t\t<\/div>\n\t\t\t\t<\/div>\n\t\t\t\t\t<\/div>\n\t\t\t\t<\/div>\n\t\t<div class=\"elementor-element elementor-element-t0rauyx e-flex e-con-boxed elementor-invisible e-con e-parent\" data-id=\"t0rauyx\" data-element_type=\"container\" data-e-type=\"container\" data-settings=\"{&quot;background_background&quot;:&quot;classic&quot;,&quot;animation&quot;:&quot;fadeIn&quot;}\">\n\t\t\t\t\t<div class=\"e-con-inner\">\n\t\t<div class=\"elementor-element elementor-element-7dad71c e-con-full e-flex e-con e-child\" data-id=\"7dad71c\" data-element_type=\"container\" data-e-type=\"container\">\n\t\t\t\t<div class=\"elementor-element elementor-element-7197d1f elementor-widget elementor-widget-text-editor\" data-id=\"7197d1f\" data-element_type=\"widget\" data-e-type=\"widget\" data-widget_type=\"text-editor.default\">\n\t\t\t\t<div class=\"elementor-widget-container\">\n\t\t\t\t\t\t\t\t\t<h4><span style=\"color: #ffffff;\"><strong>Ces situations donnent \u00e0 la maternit\u00e9 une complexit\u00e9 suppl\u00e9mentaire, elle est \u00e0 la fois source de fragilit\u00e9 et en m\u00eame temps, c'est elle qui nous permet de r\u00e9v\u00e9ler notre force et nous oblige \u00e0 trouver les ressources pour continuer.<\/strong><\/span><\/h4><h4><span style=\"color: #ffffff;\"><strong>Nous avons imagin\u00e9 cet espace ensemble pour recr\u00e9er des r\u00e9seaux entre femmes-m\u00e8res et pour agir contre l'isolement, la d\u00e9sinformation et contribuer \u00e0 l'autonomisation dans la migration. Suivre la route ensemble, dans la sororit\u00e9, la rend moins complexe.<\/strong><\/span><\/h4>\t\t\t\t\t\t\t\t<\/div>\n\t\t\t\t<\/div>\n\t\t\t\t<\/div>\n\t\t\t\t\t<\/div>\n\t\t\t\t<\/div>\n\t\t\t\t<\/div>","protected":false},"excerpt":{"rendered":"<p>Manifiesto Ser madre en un contexto migratorio es una decisi\u00f3n compleja (sea cual sea el motivo) porque hay que cohabitar con el proceso de \u00abintegraci\u00f3n\u00bb y los cambios propios de [&hellip;]<\/p>\n","protected":false},"author":1,"featured_media":0,"parent":0,"menu_order":0,"comment_status":"closed","ping_status":"closed","template":"","meta":{"site-sidebar-layout":"no-sidebar","site-content-layout":"page-builder","ast-site-content-layout":"full-width-container","site-content-style":"default","site-sidebar-style":"default","ast-global-header-display":"","ast-banner-title-visibility":"","ast-main-header-display":"","ast-hfb-above-header-display":"","ast-hfb-below-header-display":"","ast-hfb-mobile-header-display":"","site-post-title":"disabled","ast-breadcrumbs-content":"","ast-featured-img":"disabled","footer-sml-layout":"","ast-disable-related-posts":"","theme-transparent-header-meta":"","adv-header-id-meta":"","stick-header-meta":"","header-above-stick-meta":"","header-main-stick-meta":"","header-below-stick-meta":"","astra-migrate-meta-layouts":"default","ast-page-background-enabled":"default","ast-page-background-meta":{"desktop":{"background-color":"var(--ast-global-color-5)","background-image":"","background-repeat":"repeat","background-position":"center center","background-size":"auto","background-attachment":"scroll","background-type":"","background-media":"","overlay-type":"","overlay-color":"","overlay-opacity":"","overlay-gradient":""},"tablet":{"background-color":"","background-image":"","background-repeat":"repeat","background-position":"center center","background-size":"auto","background-attachment":"scroll","background-type":"","background-media":"","overlay-type":"","overlay-color":"","overlay-opacity":"","overlay-gradient":""},"mobile":{"background-color":"","background-image":"","background-repeat":"repeat","background-position":"center center","background-size":"auto","background-attachment":"scroll","background-type":"","background-media":"","overlay-type":"","overlay-color":"","overlay-opacity":"","overlay-gradient":""}},"ast-content-background-meta":{"desktop":{"background-color":"var(--ast-global-color-4)","background-image":"","background-repeat":"repeat","background-position":"center center","background-size":"auto","background-attachment":"scroll","background-type":"","background-media":"","overlay-type":"","overlay-color":"","overlay-opacity":"","overlay-gradient":""},"tablet":{"background-color":"var(--ast-global-color-4)","background-image":"","background-repeat":"repeat","background-position":"center center","background-size":"auto","background-attachment":"scroll","background-type":"","background-media":"","overlay-type":"","overlay-color":"","overlay-opacity":"","overlay-gradient":""},"mobile":{"background-color":"var(--ast-global-color-4)","background-image":"","background-repeat":"repeat","background-position":"center center","background-size":"auto","background-attachment":"scroll","background-type":"","background-media":"","overlay-type":"","overlay-color":"","overlay-opacity":"","overlay-gradient":""}},"footnotes":""},"class_list":["post-1901","page","type-page","status-publish","hentry"],"_links":{"self":[{"href":"https:\/\/mami-lab.org\/fr\/wp-json\/wp\/v2\/pages\/1901","targetHints":{"allow":["GET"]}}],"collection":[{"href":"https:\/\/mami-lab.org\/fr\/wp-json\/wp\/v2\/pages"}],"about":[{"href":"https:\/\/mami-lab.org\/fr\/wp-json\/wp\/v2\/types\/page"}],"author":[{"embeddable":true,"href":"https:\/\/mami-lab.org\/fr\/wp-json\/wp\/v2\/users\/1"}],"replies":[{"embeddable":true,"href":"https:\/\/mami-lab.org\/fr\/wp-json\/wp\/v2\/comments?post=1901"}],"version-history":[{"count":25,"href":"https:\/\/mami-lab.org\/fr\/wp-json\/wp\/v2\/pages\/1901\/revisions"}],"predecessor-version":[{"id":2469,"href":"https:\/\/mami-lab.org\/fr\/wp-json\/wp\/v2\/pages\/1901\/revisions\/2469"}],"wp:attachment":[{"href":"https:\/\/mami-lab.org\/fr\/wp-json\/wp\/v2\/media?parent=1901"}],"curies":[{"name":"wp","href":"https:\/\/api.w.org\/{rel}","templated":true}]}}