{"id":2157,"date":"2024-11-22T14:57:15","date_gmt":"2024-11-22T14:57:15","guid":{"rendered":"https:\/\/mami-lab.org\/?page_id=2157"},"modified":"2024-12-29T17:16:08","modified_gmt":"2024-12-29T17:16:08","slug":"proyecto-documental-2","status":"publish","type":"page","link":"https:\/\/mami-lab.org\/fr\/proyecto-documental-2\/","title":{"rendered":"Projet documentaire"},"content":{"rendered":"<div data-elementor-type=\"wp-page\" data-elementor-id=\"2157\" class=\"elementor elementor-2157\">\n\t\t\t\t<div class=\"elementor-element elementor-element-azpuogk e-flex e-con-boxed e-con e-parent\" data-id=\"azpuogk\" data-element_type=\"container\" data-e-type=\"container\" data-settings=\"{&quot;background_background&quot;:&quot;classic&quot;}\">\n\t\t\t\t\t<div class=\"e-con-inner\">\n\t\t<div class=\"elementor-element elementor-element-d21b7e0 e-flex e-con-boxed e-con e-child\" data-id=\"d21b7e0\" data-element_type=\"container\" data-e-type=\"container\">\n\t\t\t\t\t<div class=\"e-con-inner\">\n\t\t\t\t<div class=\"elementor-element elementor-element-e9fd9dc elementor-invisible elementor-widget elementor-widget-heading\" data-id=\"e9fd9dc\" data-element_type=\"widget\" data-e-type=\"widget\" data-settings=\"{&quot;_animation&quot;:&quot;fadeIn&quot;}\" data-widget_type=\"heading.default\">\n\t\t\t\t<div class=\"elementor-widget-container\">\n\t\t\t\t\t<h1 class=\"elementor-heading-title elementor-size-default\">Documentaire <\/h1>\t\t\t\t<\/div>\n\t\t\t\t<\/div>\n\t\t\t\t\t<\/div>\n\t\t\t\t<\/div>\n\t\t\t\t\t<\/div>\n\t\t\t\t<\/div>\n\t\t\t\t<section class=\"elementor-section elementor-top-section elementor-element elementor-element-vj94a54 elementor-section-content-middle elementor-section-boxed elementor-section-height-default elementor-section-height-default\" data-id=\"vj94a54\" data-element_type=\"section\" data-e-type=\"section\" data-settings=\"{&quot;background_background&quot;:&quot;classic&quot;}\">\n\t\t\t\t\t\t\t<div class=\"elementor-background-overlay\"><\/div>\n\t\t\t\t\t\t\t<div class=\"elementor-container elementor-column-gap-no\">\n\t\t\t\t\t<div class=\"elementor-column elementor-col-50 elementor-top-column elementor-element elementor-element-d5abc8a\" data-id=\"d5abc8a\" data-element_type=\"column\" data-e-type=\"column\">\n\t\t\t<div class=\"elementor-widget-wrap elementor-element-populated\">\n\t\t\t\t\t\t<div class=\"elementor-element elementor-element-a8184fe elementor-widget elementor-widget-image\" data-id=\"a8184fe\" data-element_type=\"widget\" data-e-type=\"widget\" data-widget_type=\"image.default\">\n\t\t\t\t<div class=\"elementor-widget-container\">\n\t\t\t\t\t\t\t\t\t\t\t\t\t\t\t<img decoding=\"async\" src=\"https:\/\/mami-lab.org\/wp-content\/uploads\/elementor\/thumbs\/WhatsApp-Image-2024-07-10-at-09.04.28-qxjqds3zngabdkkx61fgtlzcyhke6ktd2cringf62w.jpeg\" title=\"WhatsApp Image 2024-07-10 at 09.04.28\" alt=\"WhatsApp Image 2024-07-10 at 09.04.28\" loading=\"lazy\" \/>\t\t\t\t\t\t\t\t\t\t\t\t\t\t\t<\/div>\n\t\t\t\t<\/div>\n\t\t\t\t\t<\/div>\n\t\t<\/div>\n\t\t\t\t<div class=\"elementor-column elementor-col-50 elementor-top-column elementor-element elementor-element-1f377f6\" data-id=\"1f377f6\" data-element_type=\"column\" data-e-type=\"column\">\n\t\t\t<div class=\"elementor-widget-wrap elementor-element-populated\">\n\t\t\t\t\t\t<div class=\"elementor-element elementor-element-a16f8e5 elementor-widget elementor-widget-text-editor\" data-id=\"a16f8e5\" data-element_type=\"widget\" data-e-type=\"widget\" data-widget_type=\"text-editor.default\">\n\t\t\t\t<div class=\"elementor-widget-container\">\n\t\t\t\t\t\t\t\t\t<p><span style=\"font-weight: 400;\">Bas\u00e9 sur le groupe de rencontre mensuel cr\u00e9\u00e9 par Ma.Mi Lab en collaboration avec Women Now, le documentaire vise \u00e0 rendre visibles les probl\u00e8mes et les ressources de r\u00e9silience des m\u00e8res latines en Belgique.<\/span><\/p><p>\u00a0<\/p><p><b>Quelles sont les exp\u00e9riences de ces femmes sous-estim\u00e9es qui ont travers\u00e9 l'Atlantique depuis l'Am\u00e9rique latine ? Quelles sont leurs raisons et leurs probl\u00e8mes les plus courants ? Quelles sont leurs forces et leurs ressources ?\u00a0<\/b><\/p><p><b>\u00a0<\/b><\/p><p><span style=\"font-weight: 400;\">Il s'agit d'un projet documentaire en phase de d\u00e9veloppement, \u00e9labor\u00e9 en collaboration avec les participants \u00e0 l'atelier de formation de l'Union europ\u00e9enne <\/span><b>groupe de discussion documentaire.<\/b><span style=\"font-weight: 400;\">.<\/span><\/p><p><span style=\"font-weight: 400;\">Ce projet cherche \u00e0 soulever les probl\u00e8mes les plus communs du groupe de femmes participantes et des caf\u00e9s entre ma.mis, afin de cr\u00e9er un mat\u00e9riel qui servira d'empreinte principale pour d'autres m\u00e8res en migration.<\/span><\/p><p><span style=\"font-weight: 400;\">Il comprend la production en format sonore de \u00ab portraits sonores \u00bb et la cr\u00e9ation de podcasts th\u00e9matiques, qui constituent le mat\u00e9riel principal pour la cr\u00e9ation ult\u00e9rieure du film.<\/span><\/p><p>\u00a0<\/p><p><span style=\"font-weight: 400;\">Une exp\u00e9rience cr\u00e9ative participative li\u00e9e \u00e0 la cr\u00e9ation d'un documentaire sera ensuite transform\u00e9e en exposition.<\/span><\/p>\t\t\t\t\t\t\t\t<\/div>\n\t\t\t\t<\/div>\n\t\t\t\t\t<\/div>\n\t\t<\/div>\n\t\t\t\t\t<\/div>\n\t\t<\/section>\n\t\t<div class=\"elementor-element elementor-element-bb5045d e-grid e-con-boxed e-con e-parent\" data-id=\"bb5045d\" data-element_type=\"container\" data-e-type=\"container\" data-settings=\"{&quot;background_background&quot;:&quot;gradient&quot;}\">\n\t\t\t\t\t<div class=\"e-con-inner\">\n\t\t\t\t<div class=\"elementor-element elementor-element-cd9bd6a elementor-widget elementor-widget-image\" data-id=\"cd9bd6a\" data-element_type=\"widget\" data-e-type=\"widget\" data-widget_type=\"image.default\">\n\t\t\t\t<div class=\"elementor-widget-container\">\n\t\t\t\t\t\t\t\t\t\t\t\t\t\t\t<img fetchpriority=\"high\" decoding=\"async\" width=\"1024\" height=\"683\" src=\"https:\/\/mami-lab.org\/wp-content\/uploads\/2024\/11\/IMG_0668-1024x683.jpg\" class=\"attachment-large size-large wp-image-2254\" alt=\"\" srcset=\"https:\/\/mami-lab.org\/wp-content\/uploads\/2024\/11\/IMG_0668-1024x683.jpg 1024w, https:\/\/mami-lab.org\/wp-content\/uploads\/2024\/11\/IMG_0668-300x200.jpg 300w, https:\/\/mami-lab.org\/wp-content\/uploads\/2024\/11\/IMG_0668-768x512.jpg 768w, https:\/\/mami-lab.org\/wp-content\/uploads\/2024\/11\/IMG_0668-1536x1024.jpg 1536w, https:\/\/mami-lab.org\/wp-content\/uploads\/2024\/11\/IMG_0668-2048x1365.jpg 2048w\" sizes=\"(max-width: 1024px) 100vw, 1024px\" \/>\t\t\t\t\t\t\t\t\t\t\t\t\t\t\t<\/div>\n\t\t\t\t<\/div>\n\t\t\t\t<div class=\"elementor-element elementor-element-53aa95d elementor-widget elementor-widget-image\" data-id=\"53aa95d\" data-element_type=\"widget\" data-e-type=\"widget\" data-widget_type=\"image.default\">\n\t\t\t\t<div class=\"elementor-widget-container\">\n\t\t\t\t\t\t\t\t\t\t\t\t\t\t\t<img decoding=\"async\" width=\"1024\" height=\"683\" src=\"https:\/\/mami-lab.org\/wp-content\/uploads\/2024\/11\/IMG_0821-1024x683.jpg\" class=\"attachment-large size-large wp-image-2258\" alt=\"\" srcset=\"https:\/\/mami-lab.org\/wp-content\/uploads\/2024\/11\/IMG_0821-1024x683.jpg 1024w, https:\/\/mami-lab.org\/wp-content\/uploads\/2024\/11\/IMG_0821-300x200.jpg 300w, https:\/\/mami-lab.org\/wp-content\/uploads\/2024\/11\/IMG_0821-768x512.jpg 768w, https:\/\/mami-lab.org\/wp-content\/uploads\/2024\/11\/IMG_0821-1536x1024.jpg 1536w, https:\/\/mami-lab.org\/wp-content\/uploads\/2024\/11\/IMG_0821-2048x1365.jpg 2048w\" sizes=\"(max-width: 1024px) 100vw, 1024px\" \/>\t\t\t\t\t\t\t\t\t\t\t\t\t\t\t<\/div>\n\t\t\t\t<\/div>\n\t\t\t\t<div class=\"elementor-element elementor-element-2da86b9 elementor-widget elementor-widget-image\" data-id=\"2da86b9\" data-element_type=\"widget\" data-e-type=\"widget\" data-widget_type=\"image.default\">\n\t\t\t\t<div class=\"elementor-widget-container\">\n\t\t\t\t\t\t\t\t\t\t\t\t\t\t\t<img decoding=\"async\" width=\"1024\" height=\"683\" src=\"https:\/\/mami-lab.org\/wp-content\/uploads\/2024\/11\/IMG_0828-1024x683.jpg\" class=\"attachment-large size-large wp-image-2256\" alt=\"\" srcset=\"https:\/\/mami-lab.org\/wp-content\/uploads\/2024\/11\/IMG_0828-1024x683.jpg 1024w, https:\/\/mami-lab.org\/wp-content\/uploads\/2024\/11\/IMG_0828-300x200.jpg 300w, https:\/\/mami-lab.org\/wp-content\/uploads\/2024\/11\/IMG_0828-768x512.jpg 768w, https:\/\/mami-lab.org\/wp-content\/uploads\/2024\/11\/IMG_0828-1536x1024.jpg 1536w, https:\/\/mami-lab.org\/wp-content\/uploads\/2024\/11\/IMG_0828-2048x1365.jpg 2048w\" sizes=\"(max-width: 1024px) 100vw, 1024px\" \/>\t\t\t\t\t\t\t\t\t\t\t\t\t\t\t<\/div>\n\t\t\t\t<\/div>\n\t\t\t\t<div class=\"elementor-element elementor-element-09e5b68 elementor-widget elementor-widget-image\" data-id=\"09e5b68\" data-element_type=\"widget\" data-e-type=\"widget\" data-widget_type=\"image.default\">\n\t\t\t\t<div class=\"elementor-widget-container\">\n\t\t\t\t\t\t\t\t\t\t\t\t\t\t\t<img loading=\"lazy\" decoding=\"async\" width=\"1024\" height=\"683\" src=\"https:\/\/mami-lab.org\/wp-content\/uploads\/2024\/11\/IMG_0746-1024x683.jpg\" class=\"attachment-large size-large wp-image-2257\" alt=\"\" srcset=\"https:\/\/mami-lab.org\/wp-content\/uploads\/2024\/11\/IMG_0746-1024x683.jpg 1024w, https:\/\/mami-lab.org\/wp-content\/uploads\/2024\/11\/IMG_0746-300x200.jpg 300w, https:\/\/mami-lab.org\/wp-content\/uploads\/2024\/11\/IMG_0746-768x512.jpg 768w, https:\/\/mami-lab.org\/wp-content\/uploads\/2024\/11\/IMG_0746-1536x1024.jpg 1536w, https:\/\/mami-lab.org\/wp-content\/uploads\/2024\/11\/IMG_0746-2048x1365.jpg 2048w\" sizes=\"(max-width: 1024px) 100vw, 1024px\" \/>\t\t\t\t\t\t\t\t\t\t\t\t\t\t\t<\/div>\n\t\t\t\t<\/div>\n\t\t\t\t<div class=\"elementor-element elementor-element-2a03dfa elementor-widget elementor-widget-image\" data-id=\"2a03dfa\" data-element_type=\"widget\" data-e-type=\"widget\" data-widget_type=\"image.default\">\n\t\t\t\t<div class=\"elementor-widget-container\">\n\t\t\t\t\t\t\t\t\t\t\t\t\t\t\t<img loading=\"lazy\" decoding=\"async\" width=\"1024\" height=\"683\" src=\"https:\/\/mami-lab.org\/wp-content\/uploads\/2024\/11\/IMG_0727-1024x683.jpg\" class=\"attachment-large size-large wp-image-2255\" alt=\"\" srcset=\"https:\/\/mami-lab.org\/wp-content\/uploads\/2024\/11\/IMG_0727-1024x683.jpg 1024w, https:\/\/mami-lab.org\/wp-content\/uploads\/2024\/11\/IMG_0727-300x200.jpg 300w, https:\/\/mami-lab.org\/wp-content\/uploads\/2024\/11\/IMG_0727-768x512.jpg 768w, https:\/\/mami-lab.org\/wp-content\/uploads\/2024\/11\/IMG_0727-1536x1024.jpg 1536w, https:\/\/mami-lab.org\/wp-content\/uploads\/2024\/11\/IMG_0727-2048x1365.jpg 2048w\" sizes=\"(max-width: 1024px) 100vw, 1024px\" \/>\t\t\t\t\t\t\t\t\t\t\t\t\t\t\t<\/div>\n\t\t\t\t<\/div>\n\t\t\t\t<div class=\"elementor-element elementor-element-b8f397a elementor-widget elementor-widget-image\" data-id=\"b8f397a\" data-element_type=\"widget\" data-e-type=\"widget\" data-widget_type=\"image.default\">\n\t\t\t\t<div class=\"elementor-widget-container\">\n\t\t\t\t\t\t\t\t\t\t\t\t\t\t\t<img loading=\"lazy\" decoding=\"async\" width=\"1024\" height=\"768\" src=\"https:\/\/mami-lab.org\/wp-content\/uploads\/2024\/11\/WhatsApp-Image-2024-09-22-at-14.24.54-1-1024x768.jpeg\" class=\"attachment-large size-large wp-image-2277\" alt=\"\" srcset=\"https:\/\/mami-lab.org\/wp-content\/uploads\/2024\/11\/WhatsApp-Image-2024-09-22-at-14.24.54-1-1024x768.jpeg 1024w, https:\/\/mami-lab.org\/wp-content\/uploads\/2024\/11\/WhatsApp-Image-2024-09-22-at-14.24.54-1-300x225.jpeg 300w, https:\/\/mami-lab.org\/wp-content\/uploads\/2024\/11\/WhatsApp-Image-2024-09-22-at-14.24.54-1-768x576.jpeg 768w, https:\/\/mami-lab.org\/wp-content\/uploads\/2024\/11\/WhatsApp-Image-2024-09-22-at-14.24.54-1-1536x1152.jpeg 1536w, https:\/\/mami-lab.org\/wp-content\/uploads\/2024\/11\/WhatsApp-Image-2024-09-22-at-14.24.54-1.jpeg 2048w\" sizes=\"(max-width: 1024px) 100vw, 1024px\" \/>\t\t\t\t\t\t\t\t\t\t\t\t\t\t\t<\/div>\n\t\t\t\t<\/div>\n\t\t\t\t\t<\/div>\n\t\t\t\t<\/div>\n\t\t\t\t<\/div>","protected":false},"excerpt":{"rendered":"<p>Documental Partiendo del grupo de encuentro mensual creado por Ma.Mi Lab en colaboraci\u00f3n con Women Now el documental busca visibilizar las problem\u00e1ticas y los recursos de resiliencia de las madres [&hellip;]<\/p>\n","protected":false},"author":1,"featured_media":0,"parent":0,"menu_order":0,"comment_status":"closed","ping_status":"closed","template":"","meta":{"site-sidebar-layout":"no-sidebar","site-content-layout":"page-builder","ast-site-content-layout":"full-width-container","site-content-style":"default","site-sidebar-style":"default","ast-global-header-display":"","ast-banner-title-visibility":"","ast-main-header-display":"","ast-hfb-above-header-display":"","ast-hfb-below-header-display":"","ast-hfb-mobile-header-display":"","site-post-title":"disabled","ast-breadcrumbs-content":"","ast-featured-img":"disabled","footer-sml-layout":"","ast-disable-related-posts":"","theme-transparent-header-meta":"","adv-header-id-meta":"","stick-header-meta":"","header-above-stick-meta":"","header-main-stick-meta":"","header-below-stick-meta":"","astra-migrate-meta-layouts":"default","ast-page-background-enabled":"default","ast-page-background-meta":{"desktop":{"background-color":"var(--ast-global-color-5)","background-image":"","background-repeat":"repeat","background-position":"center center","background-size":"auto","background-attachment":"scroll","background-type":"","background-media":"","overlay-type":"","overlay-color":"","overlay-opacity":"","overlay-gradient":""},"tablet":{"background-color":"","background-image":"","background-repeat":"repeat","background-position":"center center","background-size":"auto","background-attachment":"scroll","background-type":"","background-media":"","overlay-type":"","overlay-color":"","overlay-opacity":"","overlay-gradient":""},"mobile":{"background-color":"","background-image":"","background-repeat":"repeat","background-position":"center center","background-size":"auto","background-attachment":"scroll","background-type":"","background-media":"","overlay-type":"","overlay-color":"","overlay-opacity":"","overlay-gradient":""}},"ast-content-background-meta":{"desktop":{"background-color":"var(--ast-global-color-4)","background-image":"","background-repeat":"repeat","background-position":"center center","background-size":"auto","background-attachment":"scroll","background-type":"","background-media":"","overlay-type":"","overlay-color":"","overlay-opacity":"","overlay-gradient":""},"tablet":{"background-color":"var(--ast-global-color-4)","background-image":"","background-repeat":"repeat","background-position":"center center","background-size":"auto","background-attachment":"scroll","background-type":"","background-media":"","overlay-type":"","overlay-color":"","overlay-opacity":"","overlay-gradient":""},"mobile":{"background-color":"var(--ast-global-color-4)","background-image":"","background-repeat":"repeat","background-position":"center center","background-size":"auto","background-attachment":"scroll","background-type":"","background-media":"","overlay-type":"","overlay-color":"","overlay-opacity":"","overlay-gradient":""}},"footnotes":""},"class_list":["post-2157","page","type-page","status-publish","hentry"],"_links":{"self":[{"href":"https:\/\/mami-lab.org\/fr\/wp-json\/wp\/v2\/pages\/2157","targetHints":{"allow":["GET"]}}],"collection":[{"href":"https:\/\/mami-lab.org\/fr\/wp-json\/wp\/v2\/pages"}],"about":[{"href":"https:\/\/mami-lab.org\/fr\/wp-json\/wp\/v2\/types\/page"}],"author":[{"embeddable":true,"href":"https:\/\/mami-lab.org\/fr\/wp-json\/wp\/v2\/users\/1"}],"replies":[{"embeddable":true,"href":"https:\/\/mami-lab.org\/fr\/wp-json\/wp\/v2\/comments?post=2157"}],"version-history":[{"count":25,"href":"https:\/\/mami-lab.org\/fr\/wp-json\/wp\/v2\/pages\/2157\/revisions"}],"predecessor-version":[{"id":2562,"href":"https:\/\/mami-lab.org\/fr\/wp-json\/wp\/v2\/pages\/2157\/revisions\/2562"}],"wp:attachment":[{"href":"https:\/\/mami-lab.org\/fr\/wp-json\/wp\/v2\/media?parent=2157"}],"curies":[{"name":"wp","href":"https:\/\/api.w.org\/{rel}","templated":true}]}}