{"id":2167,"date":"2024-11-22T15:09:10","date_gmt":"2024-11-22T15:09:10","guid":{"rendered":"https:\/\/mami-lab.org\/?page_id=2167"},"modified":"2024-12-29T17:17:34","modified_gmt":"2024-12-29T17:17:34","slug":"ma-mi-teatro","status":"publish","type":"page","link":"https:\/\/mami-lab.org\/fr\/ma-mi-teatro\/","title":{"rendered":"Ma.mi Th\u00e9\u00e2tre"},"content":{"rendered":"<div data-elementor-type=\"wp-page\" data-elementor-id=\"2167\" class=\"elementor elementor-2167\">\n\t\t\t\t<div class=\"elementor-element elementor-element-azpuogk e-flex e-con-boxed e-con e-parent\" data-id=\"azpuogk\" data-element_type=\"container\" data-e-type=\"container\" data-settings=\"{&quot;background_background&quot;:&quot;classic&quot;}\">\n\t\t\t\t\t<div class=\"e-con-inner\">\n\t\t<div class=\"elementor-element elementor-element-d21b7e0 e-flex e-con-boxed e-con e-child\" data-id=\"d21b7e0\" data-element_type=\"container\" data-e-type=\"container\">\n\t\t\t\t\t<div class=\"e-con-inner\">\n\t\t\t\t<div class=\"elementor-element elementor-element-e9fd9dc elementor-invisible elementor-widget elementor-widget-heading\" data-id=\"e9fd9dc\" data-element_type=\"widget\" data-e-type=\"widget\" data-settings=\"{&quot;_animation&quot;:&quot;fadeIn&quot;}\" data-widget_type=\"heading.default\">\n\t\t\t\t<div class=\"elementor-widget-container\">\n\t\t\t\t\t<h1 class=\"elementor-heading-title elementor-size-default\">Ma.mi Th\u00e9\u00e2tre<\/h1>\t\t\t\t<\/div>\n\t\t\t\t<\/div>\n\t\t\t\t\t<\/div>\n\t\t\t\t<\/div>\n\t\t\t\t\t<\/div>\n\t\t\t\t<\/div>\n\t\t\t\t<section class=\"elementor-section elementor-top-section elementor-element elementor-element-vj94a54 elementor-section-content-middle elementor-section-boxed elementor-section-height-default elementor-section-height-default\" data-id=\"vj94a54\" data-element_type=\"section\" data-e-type=\"section\" data-settings=\"{&quot;background_background&quot;:&quot;classic&quot;}\">\n\t\t\t\t\t\t\t<div class=\"elementor-background-overlay\"><\/div>\n\t\t\t\t\t\t\t<div class=\"elementor-container elementor-column-gap-no\">\n\t\t\t\t\t<div class=\"elementor-column elementor-col-50 elementor-top-column elementor-element elementor-element-d5abc8a\" data-id=\"d5abc8a\" data-element_type=\"column\" data-e-type=\"column\">\n\t\t\t<div class=\"elementor-widget-wrap elementor-element-populated\">\n\t\t\t\t\t\t<div class=\"elementor-element elementor-element-a8184fe elementor-widget elementor-widget-image\" data-id=\"a8184fe\" data-element_type=\"widget\" data-e-type=\"widget\" data-widget_type=\"image.default\">\n\t\t\t\t<div class=\"elementor-widget-container\">\n\t\t\t\t\t\t\t\t\t\t\t\t\t\t\t<img decoding=\"async\" src=\"https:\/\/mami-lab.org\/wp-content\/uploads\/2024\/11\/afiche-teatro-Mamiteatro-CORREGIDA_Plan-de-travail-1.png\" title=\"afiche teatro Mamiteatro CORREGIDA_Plan de travail 1\" alt=\"afiche teatro Mamiteatro CORREGIDA_Plan de travail 1\" loading=\"lazy\" \/>\t\t\t\t\t\t\t\t\t\t\t\t\t\t\t<\/div>\n\t\t\t\t<\/div>\n\t\t\t\t\t<\/div>\n\t\t<\/div>\n\t\t\t\t<div class=\"elementor-column elementor-col-50 elementor-top-column elementor-element elementor-element-1f377f6\" data-id=\"1f377f6\" data-element_type=\"column\" data-e-type=\"column\">\n\t\t\t<div class=\"elementor-widget-wrap elementor-element-populated\">\n\t\t\t\t\t\t<div class=\"elementor-element elementor-element-91cf7de elementor-widget elementor-widget-heading\" data-id=\"91cf7de\" data-element_type=\"widget\" data-e-type=\"widget\" data-widget_type=\"heading.default\">\n\t\t\t\t<div class=\"elementor-widget-container\">\n\t\t\t\t\t<h2 class=\"elementor-heading-title elementor-size-default\">Qu'est-ce que c'est ?<\/h2>\t\t\t\t<\/div>\n\t\t\t\t<\/div>\n\t\t\t\t<div class=\"elementor-element elementor-element-a16f8e5 elementor-widget elementor-widget-text-editor\" data-id=\"a16f8e5\" data-element_type=\"widget\" data-e-type=\"widget\" data-widget_type=\"text-editor.default\">\n\t\t\t\t<div class=\"elementor-widget-container\">\n\t\t\t\t\t\t\t\t\t<p><span style=\"font-weight: 400;\">L'objectif de cet atelier est l'autonomisation par l'expression th\u00e9\u00e2trale, y compris la prise de conscience corporelle, vocale et \u00e9motionnelle. L'occasion de pr\u00e9senter une pi\u00e8ce de th\u00e9\u00e2tre en espagnol, principalement en espagnol, en unissant les langues de notre pays d'accueil.<\/span><\/p><p>\u00a0<\/p><p><span style=\"font-weight: 400;\">Dans notre atelier, nous allons passer en revue des histoires d\u00e9j\u00e0 \u00e9crites sur les th\u00e8mes des femmes et de la migration, entre autres, pour ensuite nous lancer dans la cr\u00e9ation de nos propres textes.<\/span><\/p><p>\u00a0<\/p><p><span style=\"font-weight: 400;\">\u00c0 qui s'adresse-t-il ?<\/span><\/p><p>\u00a0<\/p><p><span style=\"font-weight: 400;\">Toutes les femmes avec ou sans enfants qui souhaitent participer \u00e0 un atelier de th\u00e9\u00e2tre pour l'autonomisation des femmes, quel que soit leur milieu d'origine.<\/span><\/p>\t\t\t\t\t\t\t\t<\/div>\n\t\t\t\t<\/div>\n\t\t\t\t\t<\/div>\n\t\t<\/div>\n\t\t\t\t\t<\/div>\n\t\t<\/section>\n\t\t<div class=\"elementor-element elementor-element-5uovuuw e-flex e-con-boxed e-con e-parent\" data-id=\"5uovuuw\" data-element_type=\"container\" data-e-type=\"container\" data-settings=\"{&quot;background_background&quot;:&quot;classic&quot;}\">\n\t\t\t\t\t<div class=\"e-con-inner\">\n\t\t<div class=\"elementor-element elementor-element-b71e4eb e-con-full e-flex e-con e-child\" data-id=\"b71e4eb\" data-element_type=\"container\" data-e-type=\"container\">\n\t\t\t\t<div class=\"elementor-element elementor-element-346bb0b elementor-pagination-position-outside elementor-invisible elementor-widget elementor-widget-image-carousel\" data-id=\"346bb0b\" data-element_type=\"widget\" data-e-type=\"widget\" data-settings=\"{&quot;slides_to_show&quot;:&quot;3&quot;,&quot;slides_to_scroll&quot;:&quot;1&quot;,&quot;navigation&quot;:&quot;dots&quot;,&quot;autoplay_speed&quot;:2000,&quot;slides_to_show_tablet&quot;:&quot;2&quot;,&quot;slides_to_show_mobile&quot;:&quot;1&quot;,&quot;_animation&quot;:&quot;fadeIn&quot;,&quot;autoplay&quot;:&quot;yes&quot;,&quot;pause_on_hover&quot;:&quot;yes&quot;,&quot;pause_on_interaction&quot;:&quot;yes&quot;,&quot;infinite&quot;:&quot;yes&quot;,&quot;speed&quot;:500,&quot;image_spacing_custom&quot;:{&quot;unit&quot;:&quot;px&quot;,&quot;size&quot;:20,&quot;sizes&quot;:[]},&quot;image_spacing_custom_tablet&quot;:{&quot;unit&quot;:&quot;px&quot;,&quot;size&quot;:&quot;&quot;,&quot;sizes&quot;:[]}}\" data-widget_type=\"image-carousel.default\">\n\t\t\t\t<div class=\"elementor-widget-container\">\n\t\t\t\t\t\t\t<div class=\"elementor-image-carousel-wrapper swiper\" role=\"region\" aria-roledescription=\"carousel\" aria-label=\"Carrusel de im\u00e1genes\" dir=\"ltr\">\n\t\t\t<div class=\"elementor-image-carousel swiper-wrapper swiper-image-stretch\" aria-live=\"off\">\n\t\t\t\t\t\t\t\t<div class=\"swiper-slide\" role=\"group\" aria-roledescription=\"slide\" aria-label=\"1 de 11\"><figure class=\"swiper-slide-inner\"><img decoding=\"async\" class=\"swiper-slide-image\" src=\"https:\/\/mami-lab.org\/wp-content\/uploads\/elementor\/thumbs\/WhatsApp-Image-2024-11-18-at-23.47.19-qxfrwlew28tnqfy2qumdoa9xm01uw63d8mv6uu4l5k.jpeg\" alt=\"WhatsApp Image 2024-11-18 at 23.47.19\" \/><\/figure><\/div><div class=\"swiper-slide\" role=\"group\" aria-roledescription=\"slide\" aria-label=\"2 de 11\"><figure class=\"swiper-slide-inner\"><img decoding=\"async\" class=\"swiper-slide-image\" src=\"https:\/\/mami-lab.org\/wp-content\/uploads\/elementor\/thumbs\/WhatsApp-Image-2024-11-14-at-13.48.56-2-qxfrweu0qeknh67mt9rzotxpgayaead8vqashwecd4.jpeg\" alt=\"WhatsApp Image 2024-11-14 at 13.48.56 (2)\" \/><\/figure><\/div><div class=\"swiper-slide\" role=\"group\" aria-roledescription=\"slide\" aria-label=\"3 de 11\"><figure class=\"swiper-slide-inner\"><img decoding=\"async\" class=\"swiper-slide-image\" src=\"https:\/\/mami-lab.org\/wp-content\/uploads\/elementor\/thumbs\/WhatsApp-Image-2024-11-14-at-13.48.56-1-qxfrwgpp42n84e4wial8ttgmn2p0tokpjzlrggbk0o.jpeg\" alt=\"WhatsApp Image 2024-11-14 at 13.48.56 (1)\" \/><\/figure><\/div><div class=\"swiper-slide\" role=\"group\" aria-roledescription=\"slide\" aria-label=\"4 de 11\"><figure class=\"swiper-slide-inner\"><img decoding=\"async\" class=\"swiper-slide-image\" src=\"https:\/\/mami-lab.org\/wp-content\/uploads\/elementor\/thumbs\/WhatsApp-Image-2024-11-14-at-13.48.56-qxfrwildhqpsrm267behyszjtufr92s688wqf08ro8.jpeg\" alt=\"WhatsApp Image 2024-11-14 at 13.48.56\" \/><\/figure><\/div><div class=\"swiper-slide\" role=\"group\" aria-roledescription=\"slide\" aria-label=\"5 de 11\"><figure class=\"swiper-slide-inner\"><img decoding=\"async\" class=\"swiper-slide-image\" src=\"https:\/\/mami-lab.org\/wp-content\/uploads\/elementor\/thumbs\/1715219a-8d5c-4c95-832b-eee6e78eccdb-qxcb6amnq5xx76cuxw6ideadl85zx7wyjprq4nxteg.jpg\" alt=\"1715219a-8d5c-4c95-832b-eee6e78eccdb\" \/><\/figure><\/div><div class=\"swiper-slide\" role=\"group\" aria-roledescription=\"slide\" aria-label=\"6 de 11\"><figure class=\"swiper-slide-inner\"><img decoding=\"async\" class=\"swiper-slide-image\" src=\"https:\/\/mami-lab.org\/wp-content\/uploads\/elementor\/thumbs\/WhatsApp-Image-2024-11-23-at-13.43.36-1-qxjq7cvoy7i084uieoy872nyz8ls3e3v7yh7ekk07s.jpeg\" alt=\"WhatsApp Image 2024-11-23 at 13.43.36 (1)\" \/><\/figure><\/div><div class=\"swiper-slide\" role=\"group\" aria-roledescription=\"slide\" aria-label=\"7 de 11\"><figure class=\"swiper-slide-inner\"><img decoding=\"async\" class=\"swiper-slide-image\" src=\"https:\/\/mami-lab.org\/wp-content\/uploads\/elementor\/thumbs\/WhatsApp-Image-2024-11-23-at-13.43.36-3-qxjq7p3lf1yqf2crfc8dlhkyp8xjvggdlmyin61vyw.jpeg\" alt=\"WhatsApp Image 2024-11-23 at 13.43.36 (3)\" \/><\/figure><\/div><div class=\"swiper-slide\" role=\"group\" aria-roledescription=\"slide\" aria-label=\"8 de 11\"><figure class=\"swiper-slide-inner\"><img decoding=\"async\" class=\"swiper-slide-image\" src=\"https:\/\/mami-lab.org\/wp-content\/uploads\/elementor\/thumbs\/WhatsApp-Image-2024-11-23-at-13.43.36-qxjq8clk5wuwhbemm4e1ttnhjvpq7w1o0v9nn331nc.jpeg\" alt=\"WhatsApp Image 2024-11-23 at 13.43.36\" \/><\/figure><\/div><div class=\"swiper-slide\" role=\"group\" aria-roledescription=\"slide\" aria-label=\"9 de 11\"><figure class=\"swiper-slide-inner\"><img decoding=\"async\" class=\"swiper-slide-image\" src=\"https:\/\/mami-lab.org\/wp-content\/uploads\/elementor\/thumbs\/WhatsApp-Image-2024-11-23-at-13.43.37-1-qxjq8ff2qeyrg5aj5nlxjaxvc1btuzcv19842wyv4o.jpeg\" alt=\"WhatsApp Image 2024-11-23 at 13.43.37 (1)\" \/><\/figure><\/div><div class=\"swiper-slide\" role=\"group\" aria-roledescription=\"slide\" aria-label=\"10 de 11\"><figure class=\"swiper-slide-inner\"><img decoding=\"async\" class=\"swiper-slide-image\" src=\"https:\/\/mami-lab.org\/wp-content\/uploads\/elementor\/thumbs\/WhatsApp-Image-2024-11-23-at-13.43.37-2-qxjq8i8lax2mez6fp6tt8s8946xxi2o21n6kiquom0.jpeg\" alt=\"WhatsApp Image 2024-11-23 at 13.43.37 (2)\" \/><\/figure><\/div><div class=\"swiper-slide\" role=\"group\" aria-roledescription=\"slide\" aria-label=\"11 de 11\"><figure class=\"swiper-slide-inner\"><img decoding=\"async\" class=\"swiper-slide-image\" src=\"https:\/\/mami-lab.org\/wp-content\/uploads\/elementor\/thumbs\/WhatsApp-Image-2024-11-23-at-13.43.37-qxjq8l23vf6hdt2c8q1oy9imwck155z92150ykqi3c.jpeg\" alt=\"WhatsApp Image 2024-11-23 at 13.43.37\" \/><\/figure><\/div>\t\t\t<\/div>\n\t\t\t\t\t\t\t\n\t\t\t\t\t\t\t\t\t<div class=\"swiper-pagination\"><\/div>\n\t\t\t\t\t\t\t\t\t<\/div>\n\t\t\t\t\t\t<\/div>\n\t\t\t\t<\/div>\n\t\t\t\t<\/div>\n\t\t\t\t\t<\/div>\n\t\t\t\t<\/div>\n\t\t\t\t<\/div>","protected":false},"excerpt":{"rendered":"<p>Ma.mi Teatro \u00bfQu\u00e9 es? El objetivo de este taller es el empoderamiento a trav\u00e9s de la expresi\u00f3n esc\u00e9nica, pasando por la conciencia corporal, vocal y emocional. Una ocasi\u00f3n para presentar [&hellip;]<\/p>\n","protected":false},"author":1,"featured_media":0,"parent":0,"menu_order":0,"comment_status":"closed","ping_status":"closed","template":"","meta":{"site-sidebar-layout":"no-sidebar","site-content-layout":"page-builder","ast-site-content-layout":"full-width-container","site-content-style":"default","site-sidebar-style":"default","ast-global-header-display":"","ast-banner-title-visibility":"","ast-main-header-display":"","ast-hfb-above-header-display":"","ast-hfb-below-header-display":"","ast-hfb-mobile-header-display":"","site-post-title":"disabled","ast-breadcrumbs-content":"","ast-featured-img":"disabled","footer-sml-layout":"","ast-disable-related-posts":"","theme-transparent-header-meta":"","adv-header-id-meta":"","stick-header-meta":"","header-above-stick-meta":"","header-main-stick-meta":"","header-below-stick-meta":"","astra-migrate-meta-layouts":"default","ast-page-background-enabled":"default","ast-page-background-meta":{"desktop":{"background-color":"var(--ast-global-color-5)","background-image":"","background-repeat":"repeat","background-position":"center center","background-size":"auto","background-attachment":"scroll","background-type":"","background-media":"","overlay-type":"","overlay-color":"","overlay-opacity":"","overlay-gradient":""},"tablet":{"background-color":"","background-image":"","background-repeat":"repeat","background-position":"center center","background-size":"auto","background-attachment":"scroll","background-type":"","background-media":"","overlay-type":"","overlay-color":"","overlay-opacity":"","overlay-gradient":""},"mobile":{"background-color":"","background-image":"","background-repeat":"repeat","background-position":"center center","background-size":"auto","background-attachment":"scroll","background-type":"","background-media":"","overlay-type":"","overlay-color":"","overlay-opacity":"","overlay-gradient":""}},"ast-content-background-meta":{"desktop":{"background-color":"var(--ast-global-color-4)","background-image":"","background-repeat":"repeat","background-position":"center center","background-size":"auto","background-attachment":"scroll","background-type":"","background-media":"","overlay-type":"","overlay-color":"","overlay-opacity":"","overlay-gradient":""},"tablet":{"background-color":"var(--ast-global-color-4)","background-image":"","background-repeat":"repeat","background-position":"center center","background-size":"auto","background-attachment":"scroll","background-type":"","background-media":"","overlay-type":"","overlay-color":"","overlay-opacity":"","overlay-gradient":""},"mobile":{"background-color":"var(--ast-global-color-4)","background-image":"","background-repeat":"repeat","background-position":"center center","background-size":"auto","background-attachment":"scroll","background-type":"","background-media":"","overlay-type":"","overlay-color":"","overlay-opacity":"","overlay-gradient":""}},"footnotes":""},"class_list":["post-2167","page","type-page","status-publish","hentry"],"_links":{"self":[{"href":"https:\/\/mami-lab.org\/fr\/wp-json\/wp\/v2\/pages\/2167","targetHints":{"allow":["GET"]}}],"collection":[{"href":"https:\/\/mami-lab.org\/fr\/wp-json\/wp\/v2\/pages"}],"about":[{"href":"https:\/\/mami-lab.org\/fr\/wp-json\/wp\/v2\/types\/page"}],"author":[{"embeddable":true,"href":"https:\/\/mami-lab.org\/fr\/wp-json\/wp\/v2\/users\/1"}],"replies":[{"embeddable":true,"href":"https:\/\/mami-lab.org\/fr\/wp-json\/wp\/v2\/comments?post=2167"}],"version-history":[{"count":13,"href":"https:\/\/mami-lab.org\/fr\/wp-json\/wp\/v2\/pages\/2167\/revisions"}],"predecessor-version":[{"id":2568,"href":"https:\/\/mami-lab.org\/fr\/wp-json\/wp\/v2\/pages\/2167\/revisions\/2568"}],"wp:attachment":[{"href":"https:\/\/mami-lab.org\/fr\/wp-json\/wp\/v2\/media?parent=2167"}],"curies":[{"name":"wp","href":"https:\/\/api.w.org\/{rel}","templated":true}]}}