{"id":2524,"date":"2024-12-29T13:04:45","date_gmt":"2024-12-29T13:04:45","guid":{"rendered":"https:\/\/mami-lab.org\/?page_id=2524"},"modified":"2024-12-29T13:08:51","modified_gmt":"2024-12-29T13:08:51","slug":"articulo-1","status":"publish","type":"page","link":"https:\/\/mami-lab.org\/fr\/articulo-1\/","title":{"rendered":"Art\u00edculo 1"},"content":{"rendered":"<div data-elementor-type=\"wp-page\" data-elementor-id=\"2524\" class=\"elementor elementor-2524\">\n\t\t\t\t\t\t<section class=\"elementor-section elementor-top-section elementor-element elementor-element-x673pdp elementor-section-content-middle elementor-reverse-mobile elementor-section-boxed elementor-section-height-default elementor-section-height-default\" data-id=\"x673pdp\" data-element_type=\"section\" data-e-type=\"section\" data-settings=\"{&quot;background_background&quot;:&quot;classic&quot;}\">\n\t\t\t\t\t\t\t<div class=\"elementor-background-overlay\"><\/div>\n\t\t\t\t\t\t\t<div class=\"elementor-container elementor-column-gap-default\">\n\t\t\t\t\t<div class=\"elementor-column elementor-col-100 elementor-top-column elementor-element elementor-element-1f28936\" data-id=\"1f28936\" data-element_type=\"column\" data-e-type=\"column\">\n\t\t\t<div class=\"elementor-widget-wrap elementor-element-populated\">\n\t\t\t\t\t\t<div class=\"elementor-element elementor-element-325189c elementor-widget elementor-widget-heading\" data-id=\"325189c\" data-element_type=\"widget\" data-e-type=\"widget\" data-widget_type=\"heading.default\">\n\t\t\t\t<div class=\"elementor-widget-container\">\n\t\t\t\t\t<h5 class=\"elementor-heading-title elementor-size-default\">Margot Tudela<\/h5>\t\t\t\t<\/div>\n\t\t\t\t<\/div>\n\t\t\t\t<div class=\"elementor-element elementor-element-0e4d564 elementor-widget elementor-widget-heading\" data-id=\"0e4d564\" data-element_type=\"widget\" data-e-type=\"widget\" data-widget_type=\"heading.default\">\n\t\t\t\t<div class=\"elementor-widget-container\">\n\t\t\t\t\t<h2 class=\"elementor-heading-title elementor-size-default\">La migration maternelle et ma tribu ?\n<\/h2>\t\t\t\t<\/div>\n\t\t\t\t<\/div>\n\t\t\t\t<div class=\"elementor-element elementor-element-e69967b elementor-widget-divider--view-line elementor-widget elementor-widget-divider\" data-id=\"e69967b\" data-element_type=\"widget\" data-e-type=\"widget\" data-widget_type=\"divider.default\">\n\t\t\t\t<div class=\"elementor-widget-container\">\n\t\t\t\t\t\t\t<div class=\"elementor-divider\">\n\t\t\t<span class=\"elementor-divider-separator\">\n\t\t\t\t\t\t<\/span>\n\t\t<\/div>\n\t\t\t\t\t\t<\/div>\n\t\t\t\t<\/div>\n\t\t\t\t<div class=\"elementor-element elementor-element-6cbbbd0 elementor-widget elementor-widget-text-editor\" data-id=\"6cbbbd0\" data-element_type=\"widget\" data-e-type=\"widget\" data-widget_type=\"text-editor.default\">\n\t\t\t\t<div class=\"elementor-widget-container\">\n\t\t\t\t\t\t\t\t\t<p><span style=\"font-weight: 400;\">L'organisation des anciennes \u00ab tribus \u00bb consistait \u00e0 r\u00e9partir les t\u00e2ches entre les personnes qui se rencontraient, ce qui permettait de former et de soutenir les g\u00e9n\u00e9rations dans des situations telles que la chasse, la cueillette, l'alimentation et, bien s\u00fbr, le soin et l'attention apport\u00e9s \u00e0 chacun de ceux qui faisaient partie du groupe.\u00a0<\/span><\/p><p>\u00a0<\/p><p><span style=\"font-weight: 400;\">A partir de l\u00e0<\/span><span style=\"font-weight: 400;\">Le proverbe africain \u00ab pour \u00e9lever un enfant, il faut toute la tribu \u00bb vient de l\u00e0, car la t\u00e2che de maternage et de paternage n'incombe pas \u00e0 une seule personne, puisque les enfants grandissent entour\u00e9s d'\u00e9l\u00e9ments sociaux, de symboles, de croyances et de traditions.<\/span><\/p><p>\u00a0<\/p><p><span style=\"font-weight: 400;\">Mais que se passe-t-il en ces temps o\u00f9 le mode de vie \u00ab moderne \u00bb oblige de nombreuses personnes non seulement \u00e0 quitter leur lieu d'origine ou leur groupe de soutien, mais aussi, de par la nature m\u00eame de la migration, \u00e0 modifier leurs conceptions sociales et leurs liens avec d'autres personnes ? C'est le cas de nombreuses femmes qui, comme moi, \u00e9migrent vers d'autres pays, qui voyagent avec des valises remplies non seulement d'objets, mais aussi de tous ces \u00e9l\u00e9ments sociaux qui nous constituent, mais qui souvent - si ce n'est la plupart - ne franchissent pas les fronti\u00e8res avec leur famille ou leur r\u00e9seau de soutien, et qui, lorsqu'elles deviennent m\u00e8res, voient ce manque de liens se faire sentir davantage.<\/span><\/p><p>\u00a0<\/p><p><span style=\"font-weight: 400;\">Bien que j'aie toujours \u00e9t\u00e9 une personne ind\u00e9pendante et que je n'aie pas coup\u00e9 les ponts avec \u00ab ma tribu \u00bb lorsque j'ai \u00e9migr\u00e9, je me suis retrouv\u00e9e, lorsque je suis devenue m\u00e8re, dans une situation de vuln\u00e9rabilit\u00e9 dont je ne soup\u00e7onnais m\u00eame pas l'existence : la solitude li\u00e9e \u00e0 la charge mentale et physique que repr\u00e9sente la prise en charge d'un nouveau-n\u00e9 - que l'on ait un partenaire ou non -, la d\u00e9personnalisation et le fait d'oublier souvent de prendre soin de soi en \u00ab faveur \u00bb du nouvel individu qui d\u00e9pend de vous \u00e0 100 % pour sa survie, ainsi que la fatigue, l'ignorance de \u00ab ce qui va arriver \u00bb et, comme dans mon cas, le fait de vivre dans des soci\u00e9t\u00e9s \u00ab froides \u00bb, augmentent le sentiment de solitude, d'impuissance, de fatigue et m\u00eame de culpabilit\u00e9 de ne pas \u00eatre en mesure de prendre soin du nouveau-n\u00e9, plus la fatigue, la m\u00e9connaissance de \u00ab ce qui vient \u00bb et, comme dans mon cas, le fait de vivre dans des soci\u00e9t\u00e9s \u00ab froides \u00bb, augmentent le sentiment de solitude, d'impuissance, de fatigue et m\u00eame de culpabilit\u00e9 de ne pas faire les choses comme il faut.\u00a0<\/span><\/p><p>\u00a0<\/p><p><span style=\"font-weight: 400;\">Mais parfois, on a besoin de ce contact humain, de voir quelqu'un en face \u00e0 face et peut-\u00eatre de lui dire quelque chose que l'on sait d\u00e9j\u00e0 comment on se d\u00e9brouille bien, et que des \u00e9l\u00e9ments comme le fait de romancer la maternit\u00e9 et d'essayer d'\u00eatre parfaites ne font que nous isoler davantage par peur d'\u00eatre jug\u00e9es par les autres.\u00a0<\/span><\/p><p>\u00a0<\/p><p><span style=\"font-weight: 400;\">Alors que faire : rester sur l'id\u00e9e que nous avons perdu notre tribu et nous r\u00e9signer ? Ou cr\u00e9er de nouveaux r\u00e9seaux et configurer nos tribus ? Pour moi, la premi\u00e8re id\u00e9e semblait \u00eatre la seule option parmi ces sentiments d'impuissance, de culpabilit\u00e9 et le fait que nous sommes parfois dans une soci\u00e9t\u00e9 individualiste dans laquelle tout le monde ne \u00ab donne pas un coup de main \u00bb, mais heureusement, lorsque j'ai accept\u00e9 ma solitude et reconnu que ce que je ressentais \u00e9tait valable et avait une raison d'\u00eatre, l'id\u00e9e de cr\u00e9er de nouveaux liens m'a sembl\u00e9 de plus en plus viable, L'id\u00e9e de cr\u00e9er de nouveaux liens m'a sembl\u00e9 de plus en plus viable. J'ai donc commenc\u00e9 \u00e0 chercher des espaces o\u00f9 je pouvais parler, me renseigner sur des choses basiques comme les vaccins pour mon b\u00e9b\u00e9, des caf\u00e9s o\u00f9 je pouvais aller avec une poussette ou faire de l'exercice tout en m'occupant de ma fille.\u00a0<\/span><\/p><p>\u00a0<\/p><p><span style=\"font-weight: 400;\">Et comme si je mettais des loupes pour la premi\u00e8re fois, j'ai commenc\u00e9 \u00e0 voir des espaces o\u00f9 je pouvais cr\u00e9er des liens, cr\u00e9er des r\u00e9seaux et pourquoi pas parler de nouvelles \u00ab tribus \u00bb, j'ai commenc\u00e9 \u00e0 aller dans des cercles de femmes, des espaces de jeux ou \u00e0 parler aux mamans que je rencontrais au service m\u00e9dical et j'ai alors r\u00e9alis\u00e9 que beaucoup d'entre nous vivaient des choses similaires, Je viens du Mexique, un pays o\u00f9 devenir m\u00e8re est un moment o\u00f9 les femmes de votre famille vous accompagnent - m\u00eame si elles ne sont pas vivantes, elles le font symboliquement - et parfois vous pouvez trouver un contact humain m\u00eame avec une personne \u00e0 l'arr\u00eat de bus.\u00a0<\/span><\/p><p>\u00a0<\/p><p><span style=\"font-weight: 400;\">\u00c0 la recherche de ce contact humain, principalement avec des femmes ayant des \u00e9l\u00e9ments similaires \u00e0 ceux de mon pays, j'ai trouv\u00e9 quelques espaces o\u00f9 des femmes principalement latino-am\u00e9ricaines souhaitent \u00e9galement cr\u00e9er ces autres tribus qui, bien qu'elles ne soient pas li\u00e9es par le sang, la familiarit\u00e9 ou un espace physique similaire, sont unies par cette recherche de soutien et en m\u00eame temps par ce besoin d'aider ceux qui en ont besoin.<\/span><\/p><p>\u00a0<\/p><p><span style=\"font-weight: 400;\">Ainsi, en cherchant, en marchant, en construisant des ponts, j'ai rencontr\u00e9 <\/span><b>Ma.mi lab<\/b><span style=\"font-weight: 400;\">Le collectif - o\u00f9 vous lisez ceci - est compos\u00e9 principalement de femmes migrantes qui sont devenues m\u00e8res et qui continuent \u00e0 l'\u00eatre dans des espaces diff\u00e9rents, avec des langues diff\u00e9rentes, des coutumes in\u00e9gales et qui sont souvent - ou sont - dans des situations de vuln\u00e9rabilit\u00e9 dans lesquelles nous ne serions pas dans nos lieux d'origine, mais qui, \u00e0 travers la r\u00e9sidence, en sont venues \u00e0 voir que si nous aidons l'une, nous nous aidons toutes.\u00a0<\/span><\/p><p>\u00a0<\/p><p><span style=\"font-weight: 400;\">Bienvenue dans ce nouvel espace o\u00f9 nous pouvons lire et \u00e9crire des exp\u00e9riences, des sentiments, des faits et pourquoi pas faire de la science, et ce \u00e0 la port\u00e9e de ceux qui en ont besoin.\u00a0<\/span><\/p>\t\t\t\t\t\t\t\t<\/div>\n\t\t\t\t<\/div>\n\t\t\t\t\t<\/div>\n\t\t<\/div>\n\t\t\t\t\t<\/div>\n\t\t<\/section>\n\t\t\t\t<\/div>","protected":false},"excerpt":{"rendered":"<p>Margot Tudela Maternar Migrando \u00bfy mi tribu? Casi desde que existe la humanidad, el vivir en colectividad se ha hecho presente, la organizaci\u00f3n de las \u201ctribus\u201d antiguas consist\u00eda en la [&hellip;]<\/p>\n","protected":false},"author":1,"featured_media":0,"parent":0,"menu_order":0,"comment_status":"closed","ping_status":"closed","template":"","meta":{"site-sidebar-layout":"no-sidebar","site-content-layout":"page-builder","ast-site-content-layout":"full-width-container","site-content-style":"default","site-sidebar-style":"default","ast-global-header-display":"","ast-banner-title-visibility":"","ast-main-header-display":"","ast-hfb-above-header-display":"","ast-hfb-below-header-display":"","ast-hfb-mobile-header-display":"","site-post-title":"disabled","ast-breadcrumbs-content":"","ast-featured-img":"disabled","footer-sml-layout":"","ast-disable-related-posts":"","theme-transparent-header-meta":"","adv-header-id-meta":"","stick-header-meta":"","header-above-stick-meta":"","header-main-stick-meta":"","header-below-stick-meta":"","astra-migrate-meta-layouts":"set","ast-page-background-enabled":"default","ast-page-background-meta":{"desktop":{"background-color":"var(--ast-global-color-5)","background-image":"","background-repeat":"repeat","background-position":"center center","background-size":"auto","background-attachment":"scroll","background-type":"","background-media":"","overlay-type":"","overlay-color":"","overlay-opacity":"","overlay-gradient":""},"tablet":{"background-color":"","background-image":"","background-repeat":"repeat","background-position":"center center","background-size":"auto","background-attachment":"scroll","background-type":"","background-media":"","overlay-type":"","overlay-color":"","overlay-opacity":"","overlay-gradient":""},"mobile":{"background-color":"","background-image":"","background-repeat":"repeat","background-position":"center center","background-size":"auto","background-attachment":"scroll","background-type":"","background-media":"","overlay-type":"","overlay-color":"","overlay-opacity":"","overlay-gradient":""}},"ast-content-background-meta":{"desktop":{"background-color":"var(--ast-global-color-4)","background-image":"","background-repeat":"repeat","background-position":"center center","background-size":"auto","background-attachment":"scroll","background-type":"","background-media":"","overlay-type":"","overlay-color":"","overlay-opacity":"","overlay-gradient":""},"tablet":{"background-color":"var(--ast-global-color-4)","background-image":"","background-repeat":"repeat","background-position":"center center","background-size":"auto","background-attachment":"scroll","background-type":"","background-media":"","overlay-type":"","overlay-color":"","overlay-opacity":"","overlay-gradient":""},"mobile":{"background-color":"var(--ast-global-color-4)","background-image":"","background-repeat":"repeat","background-position":"center center","background-size":"auto","background-attachment":"scroll","background-type":"","background-media":"","overlay-type":"","overlay-color":"","overlay-opacity":"","overlay-gradient":""}},"footnotes":""},"class_list":["post-2524","page","type-page","status-publish","hentry"],"_links":{"self":[{"href":"https:\/\/mami-lab.org\/fr\/wp-json\/wp\/v2\/pages\/2524","targetHints":{"allow":["GET"]}}],"collection":[{"href":"https:\/\/mami-lab.org\/fr\/wp-json\/wp\/v2\/pages"}],"about":[{"href":"https:\/\/mami-lab.org\/fr\/wp-json\/wp\/v2\/types\/page"}],"author":[{"embeddable":true,"href":"https:\/\/mami-lab.org\/fr\/wp-json\/wp\/v2\/users\/1"}],"replies":[{"embeddable":true,"href":"https:\/\/mami-lab.org\/fr\/wp-json\/wp\/v2\/comments?post=2524"}],"version-history":[{"count":4,"href":"https:\/\/mami-lab.org\/fr\/wp-json\/wp\/v2\/pages\/2524\/revisions"}],"predecessor-version":[{"id":2528,"href":"https:\/\/mami-lab.org\/fr\/wp-json\/wp\/v2\/pages\/2524\/revisions\/2528"}],"wp:attachment":[{"href":"https:\/\/mami-lab.org\/fr\/wp-json\/wp\/v2\/media?parent=2524"}],"curies":[{"name":"wp","href":"https:\/\/api.w.org\/{rel}","templated":true}]}}