{"id":2727,"date":"2025-04-06T11:02:21","date_gmt":"2025-04-06T11:02:21","guid":{"rendered":"https:\/\/mami-lab.org\/?page_id=2727"},"modified":"2025-04-06T11:16:31","modified_gmt":"2025-04-06T11:16:31","slug":"colectivo-wham-labs","status":"publish","type":"page","link":"https:\/\/mami-lab.org\/fr\/colectivo-wham-labs\/","title":{"rendered":"Collectif  WHAM! Labs"},"content":{"rendered":"<div data-elementor-type=\"wp-page\" data-elementor-id=\"2727\" class=\"elementor elementor-2727\">\n\t\t\t\t\t\t<section class=\"elementor-section elementor-top-section elementor-element elementor-element-hhodpsg elementor-section-content-middle elementor-section-boxed elementor-section-height-default elementor-section-height-default\" data-id=\"hhodpsg\" data-element_type=\"section\" data-e-type=\"section\" data-settings=\"{&quot;background_background&quot;:&quot;classic&quot;}\">\n\t\t\t\t\t\t<div class=\"elementor-container elementor-column-gap-default\">\n\t\t\t\t\t<div class=\"elementor-column elementor-col-50 elementor-top-column elementor-element elementor-element-eb6d476\" data-id=\"eb6d476\" data-element_type=\"column\" data-e-type=\"column\">\n\t\t\t<div class=\"elementor-widget-wrap elementor-element-populated\">\n\t\t\t\t\t\t<div class=\"elementor-element elementor-element-9c7e456 elementor-widget elementor-widget-image\" data-id=\"9c7e456\" data-element_type=\"widget\" data-e-type=\"widget\" data-widget_type=\"image.default\">\n\t\t\t\t<div class=\"elementor-widget-container\">\n\t\t\t\t\t\t\t\t\t\t\t\t\t\t\t<img fetchpriority=\"high\" decoding=\"async\" width=\"1080\" height=\"1080\" src=\"https:\/\/mami-lab.org\/wp-content\/uploads\/2025\/04\/WHAM-Labs.png\" class=\"attachment-full size-full wp-image-2731\" alt=\"\" srcset=\"https:\/\/mami-lab.org\/wp-content\/uploads\/2025\/04\/WHAM-Labs.png 1080w, https:\/\/mami-lab.org\/wp-content\/uploads\/2025\/04\/WHAM-Labs-300x300.png 300w, https:\/\/mami-lab.org\/wp-content\/uploads\/2025\/04\/WHAM-Labs-1024x1024.png 1024w, https:\/\/mami-lab.org\/wp-content\/uploads\/2025\/04\/WHAM-Labs-150x150.png 150w, https:\/\/mami-lab.org\/wp-content\/uploads\/2025\/04\/WHAM-Labs-768x768.png 768w, https:\/\/mami-lab.org\/wp-content\/uploads\/2025\/04\/WHAM-Labs-12x12.png 12w\" sizes=\"(max-width: 1080px) 100vw, 1080px\" \/>\t\t\t\t\t\t\t\t\t\t\t\t\t\t\t<\/div>\n\t\t\t\t<\/div>\n\t\t\t\t\t<\/div>\n\t\t<\/div>\n\t\t\t\t<div class=\"elementor-column elementor-col-50 elementor-top-column elementor-element elementor-element-95405bc\" data-id=\"95405bc\" data-element_type=\"column\" data-e-type=\"column\">\n\t\t\t<div class=\"elementor-widget-wrap elementor-element-populated\">\n\t\t\t\t\t\t<div class=\"elementor-element elementor-element-92afdd3 elementor-widget elementor-widget-icon-box\" data-id=\"92afdd3\" data-element_type=\"widget\" data-e-type=\"widget\" data-widget_type=\"icon-box.default\">\n\t\t\t\t<div class=\"elementor-widget-container\">\n\t\t\t\t\t\t\t<div class=\"elementor-icon-box-wrapper\">\n\n\t\t\t\n\t\t\t\t\t\t<div class=\"elementor-icon-box-content\">\n\n\t\t\t\t\t\t\t\t\t<h3 class=\"elementor-icon-box-title\">\n\t\t\t\t\t\t<span  >\n\t\t\t\t\t\t\tCollectif  WHAM! Labs\t\t\t\t\t\t<\/span>\n\t\t\t\t\t<\/h3>\n\t\t\t\t\n\t\t\t\t\t\t\t\t\t<p class=\"elementor-icon-box-description\">\n\t\t\t\t\t\tEl <b>Le project WHAM! Labs<\/b>, gr\u00e2ce au soutien d'Equal Brussels, a pour principal objectif de <b>cr\u00e9ation d'espaces communautaires intersectionnels<\/b>: r\u00e9pondre aux besoins multiples du public cible, enrichir l'exp\u00e9rience des diff\u00e9rents partenaires et les installer au c\u0153ur des espaces habituels du public cible.\t\t\t\t\t<\/p>\n\t\t\t\t\n\t\t\t<\/div>\n\t\t\t\n\t\t<\/div>\n\t\t\t\t\t\t<\/div>\n\t\t\t\t<\/div>\n\t\t\t\t<div class=\"elementor-element elementor-element-e94d538 elementor-widget elementor-widget-icon-box\" data-id=\"e94d538\" data-element_type=\"widget\" data-e-type=\"widget\" data-widget_type=\"icon-box.default\">\n\t\t\t\t<div class=\"elementor-widget-container\">\n\t\t\t\t\t\t\t<div class=\"elementor-icon-box-wrapper\">\n\n\t\t\t\n\t\t\t\t\t\t<div class=\"elementor-icon-box-content\">\n\n\t\t\t\t\n\t\t\t\t\t\t\t\t\t<p class=\"elementor-icon-box-description\">\n\t\t\t\t\t\tUn projet o\u00f9 les partenariats sont de mise : <b>Women Now, Habitat &amp; R\u00e9novation, Arc y Mami Lab<\/b>Elles sont consolid\u00e9es par des causes communes, qui sont la lutte contre la pr\u00e9carit\u00e9 socio-num\u00e9rique et la lutte contre les in\u00e9galit\u00e9s de genre. L'objectif des WHAM ! Labs est la r\u00e9conciliation des services de premi\u00e8re ligne, la sensibilisation aux in\u00e9galit\u00e9s \u00ab num\u00e9riques \u00bb, \u00ab de genre \u00bb et \u00ab sociales \u00bb, l'\u00e9mancipation et l'apprentissage tout au long de la vie, \u00e0 travers un plan d'action de 3 ans. <b>3 a\u00f1os<\/b>.\t\t\t\t\t<\/p>\n\t\t\t\t\n\t\t\t<\/div>\n\t\t\t\n\t\t<\/div>\n\t\t\t\t\t\t<\/div>\n\t\t\t\t<\/div>\n\t\t\t\t\t<\/div>\n\t\t<\/div>\n\t\t\t\t\t<\/div>\n\t\t<\/section>\n\t\t<div class=\"elementor-element elementor-element-9a69395 e-flex e-con-boxed e-con e-parent\" data-id=\"9a69395\" data-element_type=\"container\" data-e-type=\"container\">\n\t\t\t\t\t<div class=\"e-con-inner\">\n\t\t\t\t<div class=\"elementor-element elementor-element-8ad1151 elementor-widget elementor-widget-image\" data-id=\"8ad1151\" data-element_type=\"widget\" data-e-type=\"widget\" data-widget_type=\"image.default\">\n\t\t\t\t<div class=\"elementor-widget-container\">\n\t\t\t\t\t\t\t\t\t\t\t\t\t\t\t<img decoding=\"async\" width=\"768\" height=\"768\" src=\"https:\/\/mami-lab.org\/wp-content\/uploads\/2025\/04\/4-768x768.png\" class=\"attachment-medium_large size-medium_large wp-image-2732\" alt=\"\" srcset=\"https:\/\/mami-lab.org\/wp-content\/uploads\/2025\/04\/4-768x768.png 768w, https:\/\/mami-lab.org\/wp-content\/uploads\/2025\/04\/4-300x300.png 300w, https:\/\/mami-lab.org\/wp-content\/uploads\/2025\/04\/4-1024x1024.png 1024w, https:\/\/mami-lab.org\/wp-content\/uploads\/2025\/04\/4-150x150.png 150w, https:\/\/mami-lab.org\/wp-content\/uploads\/2025\/04\/4-12x12.png 12w, https:\/\/mami-lab.org\/wp-content\/uploads\/2025\/04\/4.png 1080w\" sizes=\"(max-width: 768px) 100vw, 768px\" \/>\t\t\t\t\t\t\t\t\t\t\t\t\t\t\t<\/div>\n\t\t\t\t<\/div>\n\t\t\t\t\t<\/div>\n\t\t\t\t<\/div>\n\t\t<div class=\"elementor-element elementor-element-e6f660f e-flex e-con-boxed e-con e-parent\" data-id=\"e6f660f\" data-element_type=\"container\" data-e-type=\"container\">\n\t\t\t\t\t<div class=\"e-con-inner\">\n\t\t\t\t<div class=\"elementor-element elementor-element-9802aa9 elementor-widget elementor-widget-image\" data-id=\"9802aa9\" data-element_type=\"widget\" data-e-type=\"widget\" data-widget_type=\"image.default\">\n\t\t\t\t<div class=\"elementor-widget-container\">\n\t\t\t\t\t\t\t\t\t\t\t\t\t\t\t<img decoding=\"async\" width=\"768\" height=\"768\" src=\"https:\/\/mami-lab.org\/wp-content\/uploads\/2025\/04\/5-768x768.png\" class=\"attachment-medium_large size-medium_large wp-image-2733\" alt=\"\" srcset=\"https:\/\/mami-lab.org\/wp-content\/uploads\/2025\/04\/5-768x768.png 768w, https:\/\/mami-lab.org\/wp-content\/uploads\/2025\/04\/5-300x300.png 300w, https:\/\/mami-lab.org\/wp-content\/uploads\/2025\/04\/5-1024x1024.png 1024w, https:\/\/mami-lab.org\/wp-content\/uploads\/2025\/04\/5-150x150.png 150w, https:\/\/mami-lab.org\/wp-content\/uploads\/2025\/04\/5-12x12.png 12w, https:\/\/mami-lab.org\/wp-content\/uploads\/2025\/04\/5.png 1080w\" sizes=\"(max-width: 768px) 100vw, 768px\" \/>\t\t\t\t\t\t\t\t\t\t\t\t\t\t\t<\/div>\n\t\t\t\t<\/div>\n\t\t\t\t\t<\/div>\n\t\t\t\t<\/div>\n\t\t<div class=\"elementor-element elementor-element-a079755 e-flex e-con-boxed e-con e-parent\" data-id=\"a079755\" data-element_type=\"container\" data-e-type=\"container\">\n\t\t\t\t\t<div class=\"e-con-inner\">\n\t\t\t\t<div class=\"elementor-element elementor-element-a1f5b8b elementor-widget elementor-widget-image\" data-id=\"a1f5b8b\" data-element_type=\"widget\" data-e-type=\"widget\" data-widget_type=\"image.default\">\n\t\t\t\t<div class=\"elementor-widget-container\">\n\t\t\t\t\t\t\t\t\t\t\t\t\t\t\t<img loading=\"lazy\" decoding=\"async\" width=\"768\" height=\"768\" src=\"https:\/\/mami-lab.org\/wp-content\/uploads\/2025\/04\/6-768x768-1.png\" class=\"attachment-large size-large wp-image-2734\" alt=\"\" srcset=\"https:\/\/mami-lab.org\/wp-content\/uploads\/2025\/04\/6-768x768-1.png 768w, https:\/\/mami-lab.org\/wp-content\/uploads\/2025\/04\/6-768x768-1-300x300.png 300w, https:\/\/mami-lab.org\/wp-content\/uploads\/2025\/04\/6-768x768-1-150x150.png 150w, https:\/\/mami-lab.org\/wp-content\/uploads\/2025\/04\/6-768x768-1-12x12.png 12w\" sizes=\"(max-width: 768px) 100vw, 768px\" \/>\t\t\t\t\t\t\t\t\t\t\t\t\t\t\t<\/div>\n\t\t\t\t<\/div>\n\t\t\t\t\t<\/div>\n\t\t\t\t<\/div>\n\t\t<div class=\"elementor-element elementor-element-a1ee92b e-flex e-con-boxed e-con e-parent\" data-id=\"a1ee92b\" data-element_type=\"container\" data-e-type=\"container\">\n\t\t\t\t\t<div class=\"e-con-inner\">\n\t\t\t\t<div class=\"elementor-element elementor-element-5a25179 elementor-widget elementor-widget-image\" data-id=\"5a25179\" data-element_type=\"widget\" data-e-type=\"widget\" data-widget_type=\"image.default\">\n\t\t\t\t<div class=\"elementor-widget-container\">\n\t\t\t\t\t\t\t\t\t\t\t\t\t\t\t<img loading=\"lazy\" decoding=\"async\" width=\"300\" height=\"66\" src=\"https:\/\/mami-lab.org\/wp-content\/uploads\/2025\/04\/Equal_logo_2-1-300x66.png\" class=\"attachment-medium size-medium wp-image-2735\" alt=\"\" srcset=\"https:\/\/mami-lab.org\/wp-content\/uploads\/2025\/04\/Equal_logo_2-1-300x66.png 300w, https:\/\/mami-lab.org\/wp-content\/uploads\/2025\/04\/Equal_logo_2-1-18x4.png 18w, https:\/\/mami-lab.org\/wp-content\/uploads\/2025\/04\/Equal_logo_2-1.png 482w\" sizes=\"(max-width: 300px) 100vw, 300px\" \/>\t\t\t\t\t\t\t\t\t\t\t\t\t\t\t<\/div>\n\t\t\t\t<\/div>\n\t\t\t\t\t<\/div>\n\t\t\t\t<\/div>\n\t\t\t\t<\/div>","protected":false},"excerpt":{"rendered":"<p>Colectivo WHAM! Labs El Proyecto WHAM! Labs, gracias al apoyo de Equal Brussels, tiene como principal objetivo la creaci\u00f3n de espacios comunitarios interseccionales: que responden a las necesidades m\u00faltiples del [&hellip;]<\/p>\n","protected":false},"author":1,"featured_media":0,"parent":0,"menu_order":0,"comment_status":"closed","ping_status":"closed","template":"","meta":{"site-sidebar-layout":"no-sidebar","site-content-layout":"page-builder","ast-site-content-layout":"full-width-container","site-content-style":"default","site-sidebar-style":"default","ast-global-header-display":"","ast-banner-title-visibility":"","ast-main-header-display":"","ast-hfb-above-header-display":"","ast-hfb-below-header-display":"","ast-hfb-mobile-header-display":"","site-post-title":"disabled","ast-breadcrumbs-content":"","ast-featured-img":"disabled","footer-sml-layout":"","ast-disable-related-posts":"","theme-transparent-header-meta":"","adv-header-id-meta":"","stick-header-meta":"","header-above-stick-meta":"","header-main-stick-meta":"","header-below-stick-meta":"","astra-migrate-meta-layouts":"default","ast-page-background-enabled":"default","ast-page-background-meta":{"desktop":{"background-color":"var(--ast-global-color-5)","background-image":"","background-repeat":"repeat","background-position":"center center","background-size":"auto","background-attachment":"scroll","background-type":"","background-media":"","overlay-type":"","overlay-color":"","overlay-opacity":"","overlay-gradient":""},"tablet":{"background-color":"","background-image":"","background-repeat":"repeat","background-position":"center center","background-size":"auto","background-attachment":"scroll","background-type":"","background-media":"","overlay-type":"","overlay-color":"","overlay-opacity":"","overlay-gradient":""},"mobile":{"background-color":"","background-image":"","background-repeat":"repeat","background-position":"center center","background-size":"auto","background-attachment":"scroll","background-type":"","background-media":"","overlay-type":"","overlay-color":"","overlay-opacity":"","overlay-gradient":""}},"ast-content-background-meta":{"desktop":{"background-color":"var(--ast-global-color-4)","background-image":"","background-repeat":"repeat","background-position":"center center","background-size":"auto","background-attachment":"scroll","background-type":"","background-media":"","overlay-type":"","overlay-color":"","overlay-opacity":"","overlay-gradient":""},"tablet":{"background-color":"var(--ast-global-color-4)","background-image":"","background-repeat":"repeat","background-position":"center center","background-size":"auto","background-attachment":"scroll","background-type":"","background-media":"","overlay-type":"","overlay-color":"","overlay-opacity":"","overlay-gradient":""},"mobile":{"background-color":"var(--ast-global-color-4)","background-image":"","background-repeat":"repeat","background-position":"center center","background-size":"auto","background-attachment":"scroll","background-type":"","background-media":"","overlay-type":"","overlay-color":"","overlay-opacity":"","overlay-gradient":""}},"footnotes":""},"class_list":["post-2727","page","type-page","status-publish","hentry"],"_links":{"self":[{"href":"https:\/\/mami-lab.org\/fr\/wp-json\/wp\/v2\/pages\/2727","targetHints":{"allow":["GET"]}}],"collection":[{"href":"https:\/\/mami-lab.org\/fr\/wp-json\/wp\/v2\/pages"}],"about":[{"href":"https:\/\/mami-lab.org\/fr\/wp-json\/wp\/v2\/types\/page"}],"author":[{"embeddable":true,"href":"https:\/\/mami-lab.org\/fr\/wp-json\/wp\/v2\/users\/1"}],"replies":[{"embeddable":true,"href":"https:\/\/mami-lab.org\/fr\/wp-json\/wp\/v2\/comments?post=2727"}],"version-history":[{"count":4,"href":"https:\/\/mami-lab.org\/fr\/wp-json\/wp\/v2\/pages\/2727\/revisions"}],"predecessor-version":[{"id":2738,"href":"https:\/\/mami-lab.org\/fr\/wp-json\/wp\/v2\/pages\/2727\/revisions\/2738"}],"wp:attachment":[{"href":"https:\/\/mami-lab.org\/fr\/wp-json\/wp\/v2\/media?parent=2727"}],"curies":[{"name":"wp","href":"https:\/\/api.w.org\/{rel}","templated":true}]}}